{"id":1938,"date":"2023-02-11T04:19:35","date_gmt":"2023-02-11T09:19:35","guid":{"rendered":"https:\/\/impulsoverde.org\/alternatives-economiques\/apiculture\/"},"modified":"2023-04-12T10:29:22","modified_gmt":"2023-04-12T15:29:22","slug":"apiculture","status":"publish","type":"page","link":"https:\/\/impulsoverde.org\/fr\/alternatives-economiques\/apiculture\/","title":{"rendered":"Apiculture"},"content":{"rendered":"<div class=\"wpb-content-wrapper\"><p>[vc_row bg_type=\u00a0\u00bbbg_color\u00a0\u00bb bg_override=\u00a0\u00bbex-full\u00a0\u00bb bg_color_value=\u00a0\u00bb#056e04&Prime; el_class=\u00a0\u00bblien-piste\u00a0\u00bb][vc_column]<style type=\"text\/css\" data-type=\"the7_shortcodes-inline-css\">.dt-breadcrumbs-id-6ca108f121cf2a3b184ecf737aea0f06 .breadcrumbs {\n  display: inline-block;\n  margin: 0;\n  padding: 2px 10px 2px 10px;\n  background: #056e04;\n  border: 0px solid ;\n  border-radius: 0px;\n}\n.dt-breadcrumbs-id-6ca108f121cf2a3b184ecf737aea0f06 .breadcrumbs * {\n  color: #ffffff;\n}\n<\/style><div class=\"dt-breadcrumbs-shortcode dt-breadcrumbs-id-6ca108f121cf2a3b184ecf737aea0f06 align-centre\"><div class=\"assistive-text\">Vous \u00eates ici :<\/div><ol class=\"breadcrumbs text-small\" itemscope itemtype=\"https:\/\/schema.org\/BreadcrumbList\"><li itemprop=\"itemListElement\" itemscope itemtype=\"https:\/\/schema.org\/ListItem\"><a itemprop=\"item\" href=\"https:\/\/impulsoverde.org\/fr\/\" title=\"Accueil\"><span itemprop=\"name\">Accueil<\/span><\/a><meta itemprop=\"position\" content=\"1\" \/><\/li><li class=\"current\" itemprop=\"itemListElement\" itemscope itemtype=\"https:\/\/schema.org\/ListItem\"><span itemprop=\"name\">Page<\/span><meta itemprop=\"position\" content=\"2\" \/><\/li><\/ol><\/div>[\/vc_column][\/vc_row][vc_row content_placement=\u00a0\u00bbtop\u00a0\u00bb el_class=\u00a0\u00bbtop-omble\u00a0\u00bb][vc_column][vc_single_image image=\u00a0\u00bb1133&Prime; img_size=\u00a0\u00bblarge\u00a0\u00bb alignment=\u00a0\u00bbcenter\u00a0\u00bb image_hovers=\u00a0\u00bbfalse\u00a0\u00bb][\/vc_column][\/vc_row][vc_row el_class=\u00a0\u00bbpage-article\u00a0\u00bb][vc_column width=\u00a0\u00bb1\/2&Prime;][vc_column_text]<\/p>\n<p style=\"text-align: justify\">Impulso Verde m\u00e8ne un projet avec <strong>quatre associations communautaires<\/strong> pour d\u00e9velopper une activit\u00e9 apicole afin de :<\/p>\n<ul style=\"text-align: justify\">\n<li><strong>former <\/strong>les futurs apiculteurs de chaque association<\/li>\n<li>cr\u00e9er et renforcer un <strong>rucher<\/strong> pour chaque association<\/li>\n<li><strong>accompagner la commercialisation<\/strong> des produits<\/li>\n<li>produire et planter des <strong>esp\u00e8ces mellif\u00e8res<\/strong><\/li>\n<\/ul>\n<p style=\"text-align: justify\">Dans le cadre de ce projet, Impulso Verde a obtenu du <a href=\"https:\/\/www.sena.edu.co\/es-co\/Paginas\/default.aspx\" target=\"_blank\" rel=\"noopener\">Service National d\u2019Apprentissage d\u2019Ipiales (SENA)<\/a> la cr\u00e9ation d\u2019un <strong>module de formation<\/strong> de <strong>340 heures<\/strong> en apiculture\u00a0et la livraison de mat\u00e9riel tel que des ruches.<\/p>\n<p>&nbsp;<br \/>\n[\/vc_column_text][vc_single_image image=\u00a0\u00bb3204&Prime; img_size=\u00a0\u00bblarge\u00a0\u00bb alignment=\u00a0\u00bbcenter\u00a0\u00bb css=\u00a0\u00bb.vc_custom_1679589778349{margin-top: 30px !important;margin-bottom: 30px !important;}\u00a0\u00bb][vc_column_text]<\/p>\n<p style=\"text-align: justify\">Impulso Verde organise des<strong> visites techniques mensuelles<\/strong> avec l\u2019apiculteur Javier Florez et <strong>fournit du mat\u00e9riel<\/strong> apicole tel que des centrifugeuses, des combinaisons, des enfumoirs, des ruches, etc.<\/p>\n<p>&nbsp;<br \/>\n[\/vc_column_text][vc_video link=\u00a0\u00bbhttps:\/\/youtu.be\/dgn1IEXyd68&Prime; css=\u00a0\u00bb.vc_custom_1676405247891{margin-top: 40px !important;margin-bottom: 40px !important;}\u00a0\u00bb][vc_row_inner content_placement=\u00a0\u00bbmiddle\u00a0\u00bb el_class=\u00a0\u00bbtext-centered\u00a0\u00bb][vc_column_inner width=\u00a0\u00bb1\/4&Prime;][vc_column_text]<\/p>\n<h4 style=\"text-align: center\"><span style=\"color: #066e04\"><strong>R\u00e9sultats 2022<\/strong><\/span><\/h4>\n<p>&nbsp;<br \/>\n[\/vc_column_text][\/vc_column_inner][vc_column_inner width=\u00a0\u00bb1\/4&Prime;]<div class=\"stats-block stats-top  \"><div class=\"aio-icon-top\"><div class=\"ult-just-icon-wrapper  \"><div class=\"align-icon\" style=\"text-align:center;\"><\/div><\/div><\/div><div class=\"stats-desc\" id=\"counter-responsv-wrap-4885\"><div id=\"counter_217179617369d2b6196df18\" data-id=\"counter_217179617369d2b6196df18\"  data-ultimate-target='#counter-responsv-wrap-4885 .stats-number'  data-responsive-json-new='{\"font-size\":\"desktop:40px;\",\"line-height\":\"\"}'  class=\"stats-number ult-responsive\" style=\"  font-family:&#039;Open Sans&#039;;font-weight:800;color:#7dc53c;\" data-speed=\"3\" data-counter-value=\"32\" data-separator=\".\" data-decimal=\".\">0<\/div><div id=\"title-counter_217179617369d2b6196df18\"  data-ultimate-target='#counter-responsv-wrap-4885 .stats-text'  data-responsive-json-new='{\"font-size\":\"\",\"line-height\":\"\"}'  class=\"stats-text ult-responsive\" style=\"font-size:18px;  \">ruches actives<\/div><\/div><\/div>[\/vc_column_inner][vc_column_inner width=\u00a0\u00bb1\/4&Prime;]<div class=\"stats-block stats-top  \"><div class=\"aio-icon-top\"><div class=\"ult-just-icon-wrapper  \"><div class=\"align-icon\" style=\"text-align:center;\"><\/div><\/div><\/div><div class=\"stats-desc\" id=\"counter-responsv-wrap-5900\"><div id=\"counter_9148204169d2b6196e215\" data-id=\"counter_9148204169d2b6196e215\"  data-ultimate-target='#counter-responsv-wrap-5900 .stats-number'  data-responsive-json-new='{\"font-size\":\"desktop:40px;\",\"line-height\":\"\"}'  class=\"stats-number ult-responsive\" style=\"  font-family:&#039;Open Sans&#039;;font-weight:800;color:#7dc53c;\" data-speed=\"3\" data-counter-value=\"48\" data-separator=\".\" data-decimal=\".\">0<\/div><div id=\"title-counter_9148204169d2b6196e215\"  data-ultimate-target='#counter-responsv-wrap-5900 .stats-text'  data-responsive-json-new='{\"font-size\":\"\",\"line-height\":\"\"}'  class=\"stats-text ult-responsive\" style=\"font-size:18px;  \">visites techniques<\/div><\/div><\/div>[\/vc_column_inner][vc_column_inner width=\u00a0\u00bb1\/4&Prime;]<div class=\"stats-block stats-top  \"><div class=\"aio-icon-top\"><div class=\"ult-just-icon-wrapper  \"><div class=\"align-icon\" style=\"text-align:center;\"><\/div><\/div><\/div><div class=\"stats-desc\" id=\"counter-responsv-wrap-2583\"><div id=\"counter_101868900369d2b6196e465\" data-id=\"counter_101868900369d2b6196e465\"  data-ultimate-target='#counter-responsv-wrap-2583 .stats-number'  data-responsive-json-new='{\"font-size\":\"desktop:40px;\",\"line-height\":\"\"}'  class=\"stats-number ult-responsive\" style=\"  font-family:&#039;Open Sans&#039;;font-weight:800;color:#7dc53c;\" data-speed=\"3\" data-counter-value=\"285\" data-separator=\".\" data-decimal=\".\">0<\/div><div id=\"title-counter_101868900369d2b6196e465\"  data-ultimate-target='#counter-responsv-wrap-2583 .stats-text'  data-responsive-json-new='{\"font-size\":\"\",\"line-height\":\"\"}'  class=\"stats-text ult-responsive\" style=\"font-size:18px;  \">kilos de miel collect\u00e9s<\/div><\/div><\/div>[\/vc_column_inner][\/vc_row_inner][\/vc_column][vc_column width=\u00a0\u00bb1\/2&Prime;][vc_single_image image=\u00a0\u00bb1471&Prime; img_size=\u00a0\u00bblarge\u00a0\u00bb alignment=\u00a0\u00bbcenter\u00a0\u00bb style=\u00a0\u00bbvc_box_shadow\u00a0\u00bb][\/vc_column][\/vc_row]<\/p>\n<\/div>","protected":false},"excerpt":{"rendered":"<p>[vc_row bg_type=\u00a0\u00bbbg_color\u00a0\u00bb bg_override=\u00a0\u00bbex-full\u00a0\u00bb bg_color_value=\u00a0\u00bb#056e04&Prime; el_class=\u00a0\u00bblien-piste\u00a0\u00bb][vc_column][\/vc_column][\/vc_row][vc_row content_placement=\u00a0\u00bbtop\u00a0\u00bb el_class=\u00a0\u00bbtop-omble\u00a0\u00bb][vc_column][vc_single_image image=\u00a0\u00bb1133&Prime; img_size=\u00a0\u00bblarge\u00a0\u00bb alignment=\u00a0\u00bbcenter\u00a0\u00bb image_hovers=\u00a0\u00bbfalse\u00a0\u00bb][\/vc_column][\/vc_row][vc_row el_class=\u00a0\u00bbpage-article\u00a0\u00bb][vc_column width=\u00a0\u00bb1\/2&Prime;][vc_column_text] Impulso Verde m\u00e8ne un projet avec quatre associations communautaires pour d\u00e9velopper une activit\u00e9 apicole afin de : former les futurs apiculteurs de chaque association cr\u00e9er et renforcer un rucher pour chaque association accompagner la commercialisation des produits produire et planter des esp\u00e8ces&hellip;<\/p>\n","protected":false},"author":1,"featured_media":1473,"parent":1930,"menu_order":0,"comment_status":"closed","ping_status":"closed","template":"","meta":{"footnotes":""},"class_list":["post-1938","page","type-page","status-publish","has-post-thumbnail","hentry","description-off"],"yoast_head":"<!-- This site is optimized with the Yoast SEO plugin v27.3 - https:\/\/yoast.com\/product\/yoast-seo-wordpress\/ -->\n<title>Apiculture - Impulso Verde<\/title>\n<meta name=\"description\" content=\"Impulso Verde m\u00e8ne un projet avec quatre associations communautaires pour d\u00e9velopper une activit\u00e9 apicole afin de :\" \/>\n<meta name=\"robots\" content=\"index, follow, max-snippet:-1, max-image-preview:large, max-video-preview:-1\" \/>\n<link rel=\"canonical\" href=\"https:\/\/impulsoverde.org\/fr\/alternatives-economiques\/apiculture\/\" \/>\n<meta property=\"og:locale\" content=\"fr_FR\" \/>\n<meta property=\"og:type\" content=\"article\" \/>\n<meta property=\"og:title\" content=\"Apiculture - Impulso Verde\" \/>\n<meta property=\"og:description\" content=\"Impulso Verde m\u00e8ne un projet avec quatre associations communautaires pour d\u00e9velopper une activit\u00e9 apicole afin de :\" \/>\n<meta property=\"og:url\" content=\"https:\/\/impulsoverde.org\/fr\/alternatives-economiques\/apiculture\/\" \/>\n<meta property=\"og:site_name\" content=\"Impulso Verde\" \/>\n<meta property=\"article:publisher\" content=\"https:\/\/www.facebook.com\/fundacionimpulsoverde\/\" \/>\n<meta property=\"article:modified_time\" content=\"2023-04-12T15:29:22+00:00\" \/>\n<meta property=\"og:image\" content=\"https:\/\/impulsoverde.org\/wp-content\/uploads\/2023\/02\/apicultura_impulso-verde-2023.jpg\" \/>\n\t<meta property=\"og:image:width\" content=\"1920\" \/>\n\t<meta property=\"og:image:height\" content=\"800\" \/>\n\t<meta property=\"og:image:type\" content=\"image\/jpeg\" \/>\n<meta name=\"twitter:card\" content=\"summary_large_image\" \/>\n<meta name=\"twitter:label1\" content=\"Dur\u00e9e de lecture estim\u00e9e\" \/>\n\t<meta name=\"twitter:data1\" content=\"1 minute\" \/>\n<script type=\"application\/ld+json\" class=\"yoast-schema-graph\">{\"@context\":\"https:\\\/\\\/schema.org\",\"@graph\":[{\"@type\":\"WebPage\",\"@id\":\"https:\\\/\\\/impulsoverde.org\\\/fr\\\/alternatives-economiques\\\/apiculture\\\/\",\"url\":\"https:\\\/\\\/impulsoverde.org\\\/fr\\\/alternatives-economiques\\\/apiculture\\\/\",\"name\":\"Apiculture - Impulso Verde\",\"isPartOf\":{\"@id\":\"https:\\\/\\\/impulsoverde.org\\\/fr\\\/#website\"},\"primaryImageOfPage\":{\"@id\":\"https:\\\/\\\/impulsoverde.org\\\/fr\\\/alternatives-economiques\\\/apiculture\\\/#primaryimage\"},\"image\":{\"@id\":\"https:\\\/\\\/impulsoverde.org\\\/fr\\\/alternatives-economiques\\\/apiculture\\\/#primaryimage\"},\"thumbnailUrl\":\"https:\\\/\\\/impulsoverde.org\\\/wp-content\\\/uploads\\\/2023\\\/02\\\/apicultura_impulso-verde-2023.jpg\",\"datePublished\":\"2023-02-11T09:19:35+00:00\",\"dateModified\":\"2023-04-12T15:29:22+00:00\",\"description\":\"Impulso Verde m\u00e8ne un projet avec quatre associations communautaires pour d\u00e9velopper une activit\u00e9 apicole afin de :\",\"breadcrumb\":{\"@id\":\"https:\\\/\\\/impulsoverde.org\\\/fr\\\/alternatives-economiques\\\/apiculture\\\/#breadcrumb\"},\"inLanguage\":\"fr-FR\",\"potentialAction\":[{\"@type\":\"ReadAction\",\"target\":[\"https:\\\/\\\/impulsoverde.org\\\/fr\\\/alternatives-economiques\\\/apiculture\\\/\"]}]},{\"@type\":\"ImageObject\",\"inLanguage\":\"fr-FR\",\"@id\":\"https:\\\/\\\/impulsoverde.org\\\/fr\\\/alternatives-economiques\\\/apiculture\\\/#primaryimage\",\"url\":\"https:\\\/\\\/impulsoverde.org\\\/wp-content\\\/uploads\\\/2023\\\/02\\\/apicultura_impulso-verde-2023.jpg\",\"contentUrl\":\"https:\\\/\\\/impulsoverde.org\\\/wp-content\\\/uploads\\\/2023\\\/02\\\/apicultura_impulso-verde-2023.jpg\",\"width\":1920,\"height\":800},{\"@type\":\"BreadcrumbList\",\"@id\":\"https:\\\/\\\/impulsoverde.org\\\/fr\\\/alternatives-economiques\\\/apiculture\\\/#breadcrumb\",\"itemListElement\":[{\"@type\":\"ListItem\",\"position\":1,\"name\":\"Inicio\",\"item\":\"https:\\\/\\\/impulsoverde.org\\\/fr\\\/\"},{\"@type\":\"ListItem\",\"position\":2,\"name\":\"Alternatives \u00e9conomiques\",\"item\":\"https:\\\/\\\/impulsoverde.org\\\/fr\\\/alternatives-economiques\\\/\"},{\"@type\":\"ListItem\",\"position\":3,\"name\":\"Apiculture\"}]},{\"@type\":\"WebSite\",\"@id\":\"https:\\\/\\\/impulsoverde.org\\\/fr\\\/#website\",\"url\":\"https:\\\/\\\/impulsoverde.org\\\/fr\\\/\",\"name\":\"Impulso Verde\",\"description\":\"Impulso Verde\",\"publisher\":{\"@id\":\"https:\\\/\\\/impulsoverde.org\\\/fr\\\/#organization\"},\"potentialAction\":[{\"@type\":\"SearchAction\",\"target\":{\"@type\":\"EntryPoint\",\"urlTemplate\":\"https:\\\/\\\/impulsoverde.org\\\/fr\\\/?s={search_term_string}\"},\"query-input\":{\"@type\":\"PropertyValueSpecification\",\"valueRequired\":true,\"valueName\":\"search_term_string\"}}],\"inLanguage\":\"fr-FR\"},{\"@type\":\"Organization\",\"@id\":\"https:\\\/\\\/impulsoverde.org\\\/fr\\\/#organization\",\"name\":\"Impulso Verde\",\"url\":\"https:\\\/\\\/impulsoverde.org\\\/fr\\\/\",\"logo\":{\"@type\":\"ImageObject\",\"inLanguage\":\"fr-FR\",\"@id\":\"https:\\\/\\\/impulsoverde.org\\\/fr\\\/#\\\/schema\\\/logo\\\/image\\\/\",\"url\":\"https:\\\/\\\/impulsoverde.org\\\/wp-content\\\/uploads\\\/2023\\\/02\\\/logo_impulso_verde_r-2023.png\",\"contentUrl\":\"https:\\\/\\\/impulsoverde.org\\\/wp-content\\\/uploads\\\/2023\\\/02\\\/logo_impulso_verde_r-2023.png\",\"width\":300,\"height\":346,\"caption\":\"Impulso Verde\"},\"image\":{\"@id\":\"https:\\\/\\\/impulsoverde.org\\\/fr\\\/#\\\/schema\\\/logo\\\/image\\\/\"},\"sameAs\":[\"https:\\\/\\\/www.facebook.com\\\/fundacionimpulsoverde\\\/\",\"https:\\\/\\\/www.instagram.com\\\/fundacionimpulsoverde\\\/\",\"https:\\\/\\\/www.youtube.com\\\/channel\\\/UCwE9ZP8PS7IbxVncgZgjl1w\\\/featured\"]}]}<\/script>\n<!-- \/ Yoast SEO plugin. -->","yoast_head_json":{"title":"Apiculture - Impulso Verde","description":"Impulso Verde m\u00e8ne un projet avec quatre associations communautaires pour d\u00e9velopper une activit\u00e9 apicole afin de :","robots":{"index":"index","follow":"follow","max-snippet":"max-snippet:-1","max-image-preview":"max-image-preview:large","max-video-preview":"max-video-preview:-1"},"canonical":"https:\/\/impulsoverde.org\/fr\/alternatives-economiques\/apiculture\/","og_locale":"fr_FR","og_type":"article","og_title":"Apiculture - Impulso Verde","og_description":"Impulso Verde m\u00e8ne un projet avec quatre associations communautaires pour d\u00e9velopper une activit\u00e9 apicole afin de :","og_url":"https:\/\/impulsoverde.org\/fr\/alternatives-economiques\/apiculture\/","og_site_name":"Impulso Verde","article_publisher":"https:\/\/www.facebook.com\/fundacionimpulsoverde\/","article_modified_time":"2023-04-12T15:29:22+00:00","og_image":[{"width":1920,"height":800,"url":"https:\/\/impulsoverde.org\/wp-content\/uploads\/2023\/02\/apicultura_impulso-verde-2023.jpg","type":"image\/jpeg"}],"twitter_card":"summary_large_image","twitter_misc":{"Dur\u00e9e de lecture estim\u00e9e":"1 minute"},"schema":{"@context":"https:\/\/schema.org","@graph":[{"@type":"WebPage","@id":"https:\/\/impulsoverde.org\/fr\/alternatives-economiques\/apiculture\/","url":"https:\/\/impulsoverde.org\/fr\/alternatives-economiques\/apiculture\/","name":"Apiculture - Impulso Verde","isPartOf":{"@id":"https:\/\/impulsoverde.org\/fr\/#website"},"primaryImageOfPage":{"@id":"https:\/\/impulsoverde.org\/fr\/alternatives-economiques\/apiculture\/#primaryimage"},"image":{"@id":"https:\/\/impulsoverde.org\/fr\/alternatives-economiques\/apiculture\/#primaryimage"},"thumbnailUrl":"https:\/\/impulsoverde.org\/wp-content\/uploads\/2023\/02\/apicultura_impulso-verde-2023.jpg","datePublished":"2023-02-11T09:19:35+00:00","dateModified":"2023-04-12T15:29:22+00:00","description":"Impulso Verde m\u00e8ne un projet avec quatre associations communautaires pour d\u00e9velopper une activit\u00e9 apicole afin de :","breadcrumb":{"@id":"https:\/\/impulsoverde.org\/fr\/alternatives-economiques\/apiculture\/#breadcrumb"},"inLanguage":"fr-FR","potentialAction":[{"@type":"ReadAction","target":["https:\/\/impulsoverde.org\/fr\/alternatives-economiques\/apiculture\/"]}]},{"@type":"ImageObject","inLanguage":"fr-FR","@id":"https:\/\/impulsoverde.org\/fr\/alternatives-economiques\/apiculture\/#primaryimage","url":"https:\/\/impulsoverde.org\/wp-content\/uploads\/2023\/02\/apicultura_impulso-verde-2023.jpg","contentUrl":"https:\/\/impulsoverde.org\/wp-content\/uploads\/2023\/02\/apicultura_impulso-verde-2023.jpg","width":1920,"height":800},{"@type":"BreadcrumbList","@id":"https:\/\/impulsoverde.org\/fr\/alternatives-economiques\/apiculture\/#breadcrumb","itemListElement":[{"@type":"ListItem","position":1,"name":"Inicio","item":"https:\/\/impulsoverde.org\/fr\/"},{"@type":"ListItem","position":2,"name":"Alternatives \u00e9conomiques","item":"https:\/\/impulsoverde.org\/fr\/alternatives-economiques\/"},{"@type":"ListItem","position":3,"name":"Apiculture"}]},{"@type":"WebSite","@id":"https:\/\/impulsoverde.org\/fr\/#website","url":"https:\/\/impulsoverde.org\/fr\/","name":"Impulso Verde","description":"Impulso Verde","publisher":{"@id":"https:\/\/impulsoverde.org\/fr\/#organization"},"potentialAction":[{"@type":"SearchAction","target":{"@type":"EntryPoint","urlTemplate":"https:\/\/impulsoverde.org\/fr\/?s={search_term_string}"},"query-input":{"@type":"PropertyValueSpecification","valueRequired":true,"valueName":"search_term_string"}}],"inLanguage":"fr-FR"},{"@type":"Organization","@id":"https:\/\/impulsoverde.org\/fr\/#organization","name":"Impulso Verde","url":"https:\/\/impulsoverde.org\/fr\/","logo":{"@type":"ImageObject","inLanguage":"fr-FR","@id":"https:\/\/impulsoverde.org\/fr\/#\/schema\/logo\/image\/","url":"https:\/\/impulsoverde.org\/wp-content\/uploads\/2023\/02\/logo_impulso_verde_r-2023.png","contentUrl":"https:\/\/impulsoverde.org\/wp-content\/uploads\/2023\/02\/logo_impulso_verde_r-2023.png","width":300,"height":346,"caption":"Impulso Verde"},"image":{"@id":"https:\/\/impulsoverde.org\/fr\/#\/schema\/logo\/image\/"},"sameAs":["https:\/\/www.facebook.com\/fundacionimpulsoverde\/","https:\/\/www.instagram.com\/fundacionimpulsoverde\/","https:\/\/www.youtube.com\/channel\/UCwE9ZP8PS7IbxVncgZgjl1w\/featured"]}]}},"_links":{"self":[{"href":"https:\/\/impulsoverde.org\/fr\/wp-json\/wp\/v2\/pages\/1938","targetHints":{"allow":["GET"]}}],"collection":[{"href":"https:\/\/impulsoverde.org\/fr\/wp-json\/wp\/v2\/pages"}],"about":[{"href":"https:\/\/impulsoverde.org\/fr\/wp-json\/wp\/v2\/types\/page"}],"author":[{"embeddable":true,"href":"https:\/\/impulsoverde.org\/fr\/wp-json\/wp\/v2\/users\/1"}],"replies":[{"embeddable":true,"href":"https:\/\/impulsoverde.org\/fr\/wp-json\/wp\/v2\/comments?post=1938"}],"version-history":[{"count":18,"href":"https:\/\/impulsoverde.org\/fr\/wp-json\/wp\/v2\/pages\/1938\/revisions"}],"predecessor-version":[{"id":3329,"href":"https:\/\/impulsoverde.org\/fr\/wp-json\/wp\/v2\/pages\/1938\/revisions\/3329"}],"up":[{"embeddable":true,"href":"https:\/\/impulsoverde.org\/fr\/wp-json\/wp\/v2\/pages\/1930"}],"wp:featuredmedia":[{"embeddable":true,"href":"https:\/\/impulsoverde.org\/fr\/wp-json\/wp\/v2\/media\/1473"}],"wp:attachment":[{"href":"https:\/\/impulsoverde.org\/fr\/wp-json\/wp\/v2\/media?parent=1938"}],"curies":[{"name":"wp","href":"https:\/\/api.w.org\/{rel}","templated":true}]}}