{"id":1982,"date":"2023-02-10T12:06:54","date_gmt":"2023-02-10T17:06:54","guid":{"rendered":"https:\/\/impulsoverde.org\/la-fondation\/notre-mission\/"},"modified":"2023-04-10T12:09:00","modified_gmt":"2023-04-10T17:09:00","slug":"notre-mission","status":"publish","type":"page","link":"https:\/\/impulsoverde.org\/fr\/fondation\/notre-mission\/","title":{"rendered":"Notre mission"},"content":{"rendered":"<div class=\"wpb-content-wrapper\"><p>[vc_row bg_type=\u00a0\u00bbbg_color\u00a0\u00bb bg_override=\u00a0\u00bbex-full\u00a0\u00bb bg_color_value=\u00a0\u00bb#066e04&Prime;][vc_column]<style type=\"text\/css\" data-type=\"the7_shortcodes-inline-css\">.dt-breadcrumbs-id-bccca4ed580d23acaaa643ab8c192d27 .breadcrumbs {\n  display: inline-block;\n  margin: 0;\n  padding: 2px 10px 2px 10px;\n  border: 0px solid ;\n  border-radius: 0px;\n}\n.dt-breadcrumbs-id-bccca4ed580d23acaaa643ab8c192d27 .breadcrumbs * {\n  color: #ffffff;\n}\n<\/style><div class=\"dt-breadcrumbs-shortcode dt-breadcrumbs-id-bccca4ed580d23acaaa643ab8c192d27 align-centre\"><div class=\"assistive-text\">Vous \u00eates ici :<\/div><ol class=\"breadcrumbs text-small\" itemscope itemtype=\"https:\/\/schema.org\/BreadcrumbList\"><li itemprop=\"itemListElement\" itemscope itemtype=\"https:\/\/schema.org\/ListItem\"><a itemprop=\"item\" href=\"https:\/\/impulsoverde.org\/fr\/\" title=\"Accueil\"><span itemprop=\"name\">Accueil<\/span><\/a><meta itemprop=\"position\" content=\"1\" \/><\/li><li class=\"current\" itemprop=\"itemListElement\" itemscope itemtype=\"https:\/\/schema.org\/ListItem\"><span itemprop=\"name\">Page<\/span><meta itemprop=\"position\" content=\"2\" \/><\/li><\/ol><\/div>[\/vc_column][\/vc_row][vc_row el_class=\u00a0\u00bbtop-omble\u00a0\u00bb][vc_column][vc_single_image image=\u00a0\u00bb1133&Prime; img_size=\u00a0\u00bblarge\u00a0\u00bb alignment=\u00a0\u00bbcenter\u00a0\u00bb image_hovers=\u00a0\u00bbfalse\u00a0\u00bb][\/vc_column][\/vc_row][vc_row gap=\u00a0\u00bb35&Prime; content_placement=\u00a0\u00bbmiddle\u00a0\u00bb el_class=\u00a0\u00bbnuestra\u00a0\u00bb][vc_column width=\u00a0\u00bb1\/2&Prime;][vc_single_image image=\u00a0\u00bb1271&Prime; img_size=\u00a0\u00bblarge\u00a0\u00bb alignment=\u00a0\u00bbright\u00a0\u00bb css=\u00a0\u00bb.vc_custom_1676396057806{margin-bottom: 30px !important;}\u00a0\u00bb][\/vc_column][vc_column width=\u00a0\u00bb1\/2&Prime; css=\u00a0\u00bb.vc_custom_1676297043366{padding-right: 30px !important;padding-left: 30px !important;}\u00a0\u00bb]<div id=\"ultimate-heading-988269de3350c0a54\" class=\"uvc-heading ult-adjust-bottom-margin ultimate-heading-988269de3350c0a54 uvc-5594 \" data-hspacer=\"no_spacer\"  data-halign=\"center\" style=\"text-align:center\"><div class=\"uvc-heading-spacer no_spacer\" style=\"top\"><\/div><div class=\"uvc-main-heading ult-responsive\"  data-ultimate-target='.uvc-heading.ultimate-heading-988269de3350c0a54 h2'  data-responsive-json-new='{\"font-size\":\"desktop:43px;tablet:39px;tablet_portrait:35px;mobile_landscape:31px;\",\"line-height\":\"desktop:53px;tablet:62px;tablet_portrait:58px;mobile_landscape:54px;\"}' ><h2 style=\"font-family:&#039;Give You Glory&#039;;--font-weight:theme;color:#056e04;margin-bottom:20px;\">Notre mission<\/h2><\/div><div class=\"uvc-sub-heading ult-responsive\"  data-ultimate-target='.uvc-heading.ultimate-heading-988269de3350c0a54 .uvc-sub-heading '  data-responsive-json-new='{\"font-size\":\"desktop:16px;tablet_portrait:16px;\",\"line-height\":\"desktop:20px;tablet_portrait:20px;\"}'  style=\"font-weight:normal;\"><\/p>\n<p style=\"text-align: justify\">La Fondation choisit d\u2019intervenir avec des communaut\u00e9s paysannes et indig\u00e8nes pour prot\u00e9ger des \u00e9cosyst\u00e8mes dont les services sont irrempla\u00e7ables pour l\u2019homme mais aussi pour la totalit\u00e9 des esp\u00e8ces v\u00e9g\u00e9tales et animales qui les constituent et en d\u00e9pendent. Ces \u00e9cosyst\u00e8mes vont dispara\u00eetre si nous n&rsquo;agissons pas.<\/p>\n<p>&nbsp;<\/p>\n<p style=\"text-align: justify\">Ces communaut\u00e9s sont impliqu\u00e9es dans <strong>la reforestation,<\/strong>\u00a0<strong>la conservation et<\/strong>\u00a0<strong>la restauration de ces \u00e9cosyst\u00e8mes<\/strong> mais elles sont aussi parfois responsables de leur destruction. C\u2019est pourquoi il est essentiel de mener des actions de sensibilisation aupr\u00e8s des plus jeunes en particulier, et d\u2019identifier conjointement des activit\u00e9s \u00e9conomiques alternatives \u00e0 la d\u00e9forestation et permettant la valorisation de la biodiversit\u00e9.<\/p>\n<p>&nbsp;<\/p>\n<p style=\"text-align: justify\">Nous intervenons en concertation avec les \u00e9quipes communautaires pour co-d\u00e9velopper des projets. Impulso Verde recherche en parall\u00e8le des financements et des soutiens techniques aupr\u00e8s d\u2019autres ONG, institutions ou entreprises priv\u00e9es souhaitant agir pour l\u2019Homme et la Nature.<\/p>\n<p><\/div><\/div>[vc_empty_space height=\u00a0\u00bb50px\u00a0\u00bb][vc_row_inner el_class=\u00a0\u00bbtext-centered\u00a0\u00bb][vc_column_inner]<style type=\"text\/css\" data-type=\"the7_shortcodes-inline-css\">#default-btn-89ff696372abfc04cc83527326be98ca {\n  border-radius: 0px;\n  font-size: 17px;\n  line-height: 19px;\n}\n.btn-shadow#default-btn-89ff696372abfc04cc83527326be98ca {\n  box-shadow: 0 1px 6px rgba(0,0,0,0.12);\n  transition: box-shadow 0.2s ease-out, opacity 0.45s;\n}\n.btn-shadow#default-btn-89ff696372abfc04cc83527326be98ca:hover {\n  box-shadow: 0 5px 11px 0 rgba(0,0,0,0.18), 0 4px 15px 0 rgba(0,0,0,0.15);\n}\n.btn-flat#default-btn-89ff696372abfc04cc83527326be98ca {\n  box-shadow: none;\n}\n.btn-flat#default-btn-89ff696372abfc04cc83527326be98ca:hover {\n  box-shadow: none;\n}\n#default-btn-89ff696372abfc04cc83527326be98ca.ico-right-side > i {\n  margin-right: 0px;\n  margin-left: 8px;\n}\n#default-btn-89ff696372abfc04cc83527326be98ca > i {\n  margin-right: 8px;\n  font-size: 18px;\n}\n#default-btn-89ff696372abfc04cc83527326be98ca:not(:hover) {\n  border-width: 2px;\n  padding: 12px 14px 12px 14px;\n}\n#default-btn-89ff696372abfc04cc83527326be98ca:hover {\n  border-width: 2px;\n  padding: 12px 14px 12px 14px;\n}\n#default-btn-89ff696372abfc04cc83527326be98ca.ico-right-side > i {\n  margin-right: 0px;\n  margin-left: 8px;\n}\n#default-btn-89ff696372abfc04cc83527326be98ca > i {\n  margin-right: 8px;\n}\n<\/style><a href=\"https:\/\/impulsoverde.org\/quienes-somos\/\" class=\"default-btn-shortcode dt-btn link-hover-off anchor-link text-centered btn-inline-left btn-flat  vc_custom_1676308038997\" id=\"default-btn-89ff696372abfc04cc83527326be98ca\" style=\"width:200px;\" title=\"Quienes Somos\"><i class=\"IVC-feuilles_01\"><\/i><span>Qui sommes-nous ?<\/span><\/a><style type=\"text\/css\" data-type=\"the7_shortcodes-inline-css\">#default-btn-eb13190925e39fffe3cd60f7657c518c {\n  border-radius: 0px;\n  font-size: 17px;\n  line-height: 19px;\n}\n.btn-shadow#default-btn-eb13190925e39fffe3cd60f7657c518c {\n  box-shadow: 0 1px 6px rgba(0,0,0,0.12);\n  transition: box-shadow 0.2s ease-out, opacity 0.45s;\n}\n.btn-shadow#default-btn-eb13190925e39fffe3cd60f7657c518c:hover {\n  box-shadow: 0 5px 11px 0 rgba(0,0,0,0.18), 0 4px 15px 0 rgba(0,0,0,0.15);\n}\n.btn-flat#default-btn-eb13190925e39fffe3cd60f7657c518c {\n  box-shadow: none;\n}\n.btn-flat#default-btn-eb13190925e39fffe3cd60f7657c518c:hover {\n  box-shadow: none;\n}\n#default-btn-eb13190925e39fffe3cd60f7657c518c.ico-right-side > i {\n  margin-right: 0px;\n  margin-left: 8px;\n}\n#default-btn-eb13190925e39fffe3cd60f7657c518c > i {\n  margin-right: 8px;\n  font-size: 18px;\n}\n#default-btn-eb13190925e39fffe3cd60f7657c518c:not(:hover) {\n  border-width: 2px;\n  border-color: #61a103 !important;\n  color: #61a103;\n  background: none !important;\n  padding: 12px 14px 12px 14px;\n}\n#default-btn-eb13190925e39fffe3cd60f7657c518c:not(:hover) * {\n  color: #61a103;\n}\n#default-btn-eb13190925e39fffe3cd60f7657c518c:hover {\n  border-width: 2px;\n  padding: 12px 14px 12px 14px;\n}\n#default-btn-eb13190925e39fffe3cd60f7657c518c.ico-right-side > i {\n  margin-right: 0px;\n  margin-left: 8px;\n}\n#default-btn-eb13190925e39fffe3cd60f7657c518c > i {\n  margin-right: 8px;\n}\n<\/style><a href=\"https:\/\/www.paypal.com\/cgi-bin\/webscr?cmd=_s-xclick&amp;hosted_button_id=7SDHCV78BZAGG&amp;source=url\" class=\"default-btn-shortcode dt-btn link-hover-off ico-right-side anchor-link btn-inline-left btn-flat  vc_custom_1592552732835\" target=\"_blank\" id=\"default-btn-eb13190925e39fffe3cd60f7657c518c\" style=\"width:200px;\" rel=\"noopener\"><span>Faire un don<\/span><i class=\"IVC-Don_01\"><\/i><\/a>[\/vc_column_inner][\/vc_row_inner][\/vc_column][\/vc_row]<\/p>\n<\/div>","protected":false},"excerpt":{"rendered":"<p>[vc_row bg_type=\u00a0\u00bbbg_color\u00a0\u00bb bg_override=\u00a0\u00bbex-full\u00a0\u00bb bg_color_value=\u00a0\u00bb#066e04&Prime;][vc_column][\/vc_column][\/vc_row][vc_row el_class=\u00a0\u00bbtop-omble\u00a0\u00bb][vc_column][vc_single_image image=\u00a0\u00bb1133&Prime; img_size=\u00a0\u00bblarge\u00a0\u00bb alignment=\u00a0\u00bbcenter\u00a0\u00bb image_hovers=\u00a0\u00bbfalse\u00a0\u00bb][\/vc_column][\/vc_row][vc_row gap=\u00a0\u00bb35&Prime; content_placement=\u00a0\u00bbmiddle\u00a0\u00bb el_class=\u00a0\u00bbnuestra\u00a0\u00bb][vc_column width=\u00a0\u00bb1\/2&Prime;][vc_single_image image=\u00a0\u00bb1271&Prime; img_size=\u00a0\u00bblarge\u00a0\u00bb alignment=\u00a0\u00bbright\u00a0\u00bb css=\u00a0\u00bb.vc_custom_1676396057806{margin-bottom: 30px !important;}\u00a0\u00bb][\/vc_column][vc_column width=\u00a0\u00bb1\/2&Prime; css=\u00a0\u00bb.vc_custom_1676297043366{padding-right: 30px !important;padding-left: 30px !important;}\u00a0\u00bb][vc_empty_space height=\u00a0\u00bb50px\u00a0\u00bb][vc_row_inner el_class=\u00a0\u00bbtext-centered\u00a0\u00bb][vc_column_inner][\/vc_column_inner][\/vc_row_inner][\/vc_column][\/vc_row]<\/p>\n","protected":false},"author":1,"featured_media":1131,"parent":1907,"menu_order":0,"comment_status":"closed","ping_status":"closed","template":"","meta":{"footnotes":""},"class_list":["post-1982","page","type-page","status-publish","has-post-thumbnail","hentry","description-off"],"yoast_head":"<!-- This site is optimized with the Yoast SEO plugin v27.3 - https:\/\/yoast.com\/product\/yoast-seo-wordpress\/ -->\n<title>Notre mission - Impulso Verde<\/title>\n<meta name=\"description\" content=\"La Fondation choisit d\u2019intervenir avec des communaut\u00e9s paysannes et indig\u00e8nes pour prot\u00e9ger des \u00e9cosyst\u00e8mes dont les services sont irrempla\u00e7ables pour l\u2019homme mais aussi pour la totalit\u00e9 des esp\u00e8ces v\u00e9g\u00e9tales et animales qui les constituent et en d\u00e9pendent. Ils sont amen\u00e9s \u00e0 disparaitre si nous n\u2019agissons pas.\" \/>\n<meta name=\"robots\" content=\"index, follow, max-snippet:-1, max-image-preview:large, max-video-preview:-1\" \/>\n<link rel=\"canonical\" href=\"https:\/\/impulsoverde.org\/fr\/fondation\/notre-mission\/\" \/>\n<meta property=\"og:locale\" content=\"fr_FR\" \/>\n<meta property=\"og:type\" content=\"article\" \/>\n<meta property=\"og:title\" content=\"Notre mission - Impulso Verde\" \/>\n<meta property=\"og:description\" content=\"La Fondation choisit d\u2019intervenir avec des communaut\u00e9s paysannes et indig\u00e8nes pour prot\u00e9ger des \u00e9cosyst\u00e8mes dont les services sont irrempla\u00e7ables pour l\u2019homme mais aussi pour la totalit\u00e9 des esp\u00e8ces v\u00e9g\u00e9tales et animales qui les constituent et en d\u00e9pendent. Ils sont amen\u00e9s \u00e0 disparaitre si nous n\u2019agissons pas.\" \/>\n<meta property=\"og:url\" content=\"https:\/\/impulsoverde.org\/fr\/fondation\/notre-mission\/\" \/>\n<meta property=\"og:site_name\" content=\"Impulso Verde\" \/>\n<meta property=\"article:publisher\" content=\"https:\/\/www.facebook.com\/fundacionimpulsoverde\/\" \/>\n<meta property=\"article:modified_time\" content=\"2023-04-10T17:09:00+00:00\" \/>\n<meta property=\"og:image\" content=\"https:\/\/impulsoverde.org\/wp-content\/uploads\/2023\/02\/fond-foret-1024x681.jpg\" \/>\n\t<meta property=\"og:image:width\" content=\"1024\" \/>\n\t<meta property=\"og:image:height\" content=\"681\" \/>\n\t<meta property=\"og:image:type\" content=\"image\/jpeg\" \/>\n<meta name=\"twitter:card\" content=\"summary_large_image\" \/>\n<meta name=\"twitter:label1\" content=\"Dur\u00e9e de lecture estim\u00e9e\" \/>\n\t<meta name=\"twitter:data1\" content=\"2 minutes\" \/>\n<script type=\"application\/ld+json\" class=\"yoast-schema-graph\">{\"@context\":\"https:\\\/\\\/schema.org\",\"@graph\":[{\"@type\":\"WebPage\",\"@id\":\"https:\\\/\\\/impulsoverde.org\\\/fr\\\/fondation\\\/notre-mission\\\/\",\"url\":\"https:\\\/\\\/impulsoverde.org\\\/fr\\\/fondation\\\/notre-mission\\\/\",\"name\":\"Notre mission - Impulso Verde\",\"isPartOf\":{\"@id\":\"https:\\\/\\\/impulsoverde.org\\\/fr\\\/#website\"},\"primaryImageOfPage\":{\"@id\":\"https:\\\/\\\/impulsoverde.org\\\/fr\\\/fondation\\\/notre-mission\\\/#primaryimage\"},\"image\":{\"@id\":\"https:\\\/\\\/impulsoverde.org\\\/fr\\\/fondation\\\/notre-mission\\\/#primaryimage\"},\"thumbnailUrl\":\"https:\\\/\\\/impulsoverde.org\\\/wp-content\\\/uploads\\\/2023\\\/02\\\/fond-foret.jpg\",\"datePublished\":\"2023-02-10T17:06:54+00:00\",\"dateModified\":\"2023-04-10T17:09:00+00:00\",\"description\":\"La Fondation choisit d\u2019intervenir avec des communaut\u00e9s paysannes et indig\u00e8nes pour prot\u00e9ger des \u00e9cosyst\u00e8mes dont les services sont irrempla\u00e7ables pour l\u2019homme mais aussi pour la totalit\u00e9 des esp\u00e8ces v\u00e9g\u00e9tales et animales qui les constituent et en d\u00e9pendent. Ils sont amen\u00e9s \u00e0 disparaitre si nous n\u2019agissons pas.\",\"breadcrumb\":{\"@id\":\"https:\\\/\\\/impulsoverde.org\\\/fr\\\/fondation\\\/notre-mission\\\/#breadcrumb\"},\"inLanguage\":\"fr-FR\",\"potentialAction\":[{\"@type\":\"ReadAction\",\"target\":[\"https:\\\/\\\/impulsoverde.org\\\/fr\\\/fondation\\\/notre-mission\\\/\"]}]},{\"@type\":\"ImageObject\",\"inLanguage\":\"fr-FR\",\"@id\":\"https:\\\/\\\/impulsoverde.org\\\/fr\\\/fondation\\\/notre-mission\\\/#primaryimage\",\"url\":\"https:\\\/\\\/impulsoverde.org\\\/wp-content\\\/uploads\\\/2023\\\/02\\\/fond-foret.jpg\",\"contentUrl\":\"https:\\\/\\\/impulsoverde.org\\\/wp-content\\\/uploads\\\/2023\\\/02\\\/fond-foret.jpg\",\"width\":2358,\"height\":1569},{\"@type\":\"BreadcrumbList\",\"@id\":\"https:\\\/\\\/impulsoverde.org\\\/fr\\\/fondation\\\/notre-mission\\\/#breadcrumb\",\"itemListElement\":[{\"@type\":\"ListItem\",\"position\":1,\"name\":\"Inicio\",\"item\":\"https:\\\/\\\/impulsoverde.org\\\/fr\\\/\"},{\"@type\":\"ListItem\",\"position\":2,\"name\":\"La fondation\",\"item\":\"https:\\\/\\\/impulsoverde.org\\\/fr\\\/\"},{\"@type\":\"ListItem\",\"position\":3,\"name\":\"Notre mission\"}]},{\"@type\":\"WebSite\",\"@id\":\"https:\\\/\\\/impulsoverde.org\\\/fr\\\/#website\",\"url\":\"https:\\\/\\\/impulsoverde.org\\\/fr\\\/\",\"name\":\"Impulso Verde\",\"description\":\"Impulso Verde\",\"publisher\":{\"@id\":\"https:\\\/\\\/impulsoverde.org\\\/fr\\\/#organization\"},\"potentialAction\":[{\"@type\":\"SearchAction\",\"target\":{\"@type\":\"EntryPoint\",\"urlTemplate\":\"https:\\\/\\\/impulsoverde.org\\\/fr\\\/?s={search_term_string}\"},\"query-input\":{\"@type\":\"PropertyValueSpecification\",\"valueRequired\":true,\"valueName\":\"search_term_string\"}}],\"inLanguage\":\"fr-FR\"},{\"@type\":\"Organization\",\"@id\":\"https:\\\/\\\/impulsoverde.org\\\/fr\\\/#organization\",\"name\":\"Impulso Verde\",\"url\":\"https:\\\/\\\/impulsoverde.org\\\/fr\\\/\",\"logo\":{\"@type\":\"ImageObject\",\"inLanguage\":\"fr-FR\",\"@id\":\"https:\\\/\\\/impulsoverde.org\\\/fr\\\/#\\\/schema\\\/logo\\\/image\\\/\",\"url\":\"https:\\\/\\\/impulsoverde.org\\\/wp-content\\\/uploads\\\/2023\\\/02\\\/logo_impulso_verde_r-2023.png\",\"contentUrl\":\"https:\\\/\\\/impulsoverde.org\\\/wp-content\\\/uploads\\\/2023\\\/02\\\/logo_impulso_verde_r-2023.png\",\"width\":300,\"height\":346,\"caption\":\"Impulso Verde\"},\"image\":{\"@id\":\"https:\\\/\\\/impulsoverde.org\\\/fr\\\/#\\\/schema\\\/logo\\\/image\\\/\"},\"sameAs\":[\"https:\\\/\\\/www.facebook.com\\\/fundacionimpulsoverde\\\/\",\"https:\\\/\\\/www.instagram.com\\\/fundacionimpulsoverde\\\/\",\"https:\\\/\\\/www.youtube.com\\\/channel\\\/UCwE9ZP8PS7IbxVncgZgjl1w\\\/featured\"]}]}<\/script>\n<!-- \/ Yoast SEO plugin. -->","yoast_head_json":{"title":"Notre mission - Impulso Verde","description":"La Fondation choisit d\u2019intervenir avec des communaut\u00e9s paysannes et indig\u00e8nes pour prot\u00e9ger des \u00e9cosyst\u00e8mes dont les services sont irrempla\u00e7ables pour l\u2019homme mais aussi pour la totalit\u00e9 des esp\u00e8ces v\u00e9g\u00e9tales et animales qui les constituent et en d\u00e9pendent. Ils sont amen\u00e9s \u00e0 disparaitre si nous n\u2019agissons pas.","robots":{"index":"index","follow":"follow","max-snippet":"max-snippet:-1","max-image-preview":"max-image-preview:large","max-video-preview":"max-video-preview:-1"},"canonical":"https:\/\/impulsoverde.org\/fr\/fondation\/notre-mission\/","og_locale":"fr_FR","og_type":"article","og_title":"Notre mission - Impulso Verde","og_description":"La Fondation choisit d\u2019intervenir avec des communaut\u00e9s paysannes et indig\u00e8nes pour prot\u00e9ger des \u00e9cosyst\u00e8mes dont les services sont irrempla\u00e7ables pour l\u2019homme mais aussi pour la totalit\u00e9 des esp\u00e8ces v\u00e9g\u00e9tales et animales qui les constituent et en d\u00e9pendent. Ils sont amen\u00e9s \u00e0 disparaitre si nous n\u2019agissons pas.","og_url":"https:\/\/impulsoverde.org\/fr\/fondation\/notre-mission\/","og_site_name":"Impulso Verde","article_publisher":"https:\/\/www.facebook.com\/fundacionimpulsoverde\/","article_modified_time":"2023-04-10T17:09:00+00:00","og_image":[{"width":1024,"height":681,"url":"https:\/\/impulsoverde.org\/wp-content\/uploads\/2023\/02\/fond-foret-1024x681.jpg","type":"image\/jpeg"}],"twitter_card":"summary_large_image","twitter_misc":{"Dur\u00e9e de lecture estim\u00e9e":"2 minutes"},"schema":{"@context":"https:\/\/schema.org","@graph":[{"@type":"WebPage","@id":"https:\/\/impulsoverde.org\/fr\/fondation\/notre-mission\/","url":"https:\/\/impulsoverde.org\/fr\/fondation\/notre-mission\/","name":"Notre mission - Impulso Verde","isPartOf":{"@id":"https:\/\/impulsoverde.org\/fr\/#website"},"primaryImageOfPage":{"@id":"https:\/\/impulsoverde.org\/fr\/fondation\/notre-mission\/#primaryimage"},"image":{"@id":"https:\/\/impulsoverde.org\/fr\/fondation\/notre-mission\/#primaryimage"},"thumbnailUrl":"https:\/\/impulsoverde.org\/wp-content\/uploads\/2023\/02\/fond-foret.jpg","datePublished":"2023-02-10T17:06:54+00:00","dateModified":"2023-04-10T17:09:00+00:00","description":"La Fondation choisit d\u2019intervenir avec des communaut\u00e9s paysannes et indig\u00e8nes pour prot\u00e9ger des \u00e9cosyst\u00e8mes dont les services sont irrempla\u00e7ables pour l\u2019homme mais aussi pour la totalit\u00e9 des esp\u00e8ces v\u00e9g\u00e9tales et animales qui les constituent et en d\u00e9pendent. Ils sont amen\u00e9s \u00e0 disparaitre si nous n\u2019agissons pas.","breadcrumb":{"@id":"https:\/\/impulsoverde.org\/fr\/fondation\/notre-mission\/#breadcrumb"},"inLanguage":"fr-FR","potentialAction":[{"@type":"ReadAction","target":["https:\/\/impulsoverde.org\/fr\/fondation\/notre-mission\/"]}]},{"@type":"ImageObject","inLanguage":"fr-FR","@id":"https:\/\/impulsoverde.org\/fr\/fondation\/notre-mission\/#primaryimage","url":"https:\/\/impulsoverde.org\/wp-content\/uploads\/2023\/02\/fond-foret.jpg","contentUrl":"https:\/\/impulsoverde.org\/wp-content\/uploads\/2023\/02\/fond-foret.jpg","width":2358,"height":1569},{"@type":"BreadcrumbList","@id":"https:\/\/impulsoverde.org\/fr\/fondation\/notre-mission\/#breadcrumb","itemListElement":[{"@type":"ListItem","position":1,"name":"Inicio","item":"https:\/\/impulsoverde.org\/fr\/"},{"@type":"ListItem","position":2,"name":"La fondation","item":"https:\/\/impulsoverde.org\/fr\/"},{"@type":"ListItem","position":3,"name":"Notre mission"}]},{"@type":"WebSite","@id":"https:\/\/impulsoverde.org\/fr\/#website","url":"https:\/\/impulsoverde.org\/fr\/","name":"Impulso Verde","description":"Impulso Verde","publisher":{"@id":"https:\/\/impulsoverde.org\/fr\/#organization"},"potentialAction":[{"@type":"SearchAction","target":{"@type":"EntryPoint","urlTemplate":"https:\/\/impulsoverde.org\/fr\/?s={search_term_string}"},"query-input":{"@type":"PropertyValueSpecification","valueRequired":true,"valueName":"search_term_string"}}],"inLanguage":"fr-FR"},{"@type":"Organization","@id":"https:\/\/impulsoverde.org\/fr\/#organization","name":"Impulso Verde","url":"https:\/\/impulsoverde.org\/fr\/","logo":{"@type":"ImageObject","inLanguage":"fr-FR","@id":"https:\/\/impulsoverde.org\/fr\/#\/schema\/logo\/image\/","url":"https:\/\/impulsoverde.org\/wp-content\/uploads\/2023\/02\/logo_impulso_verde_r-2023.png","contentUrl":"https:\/\/impulsoverde.org\/wp-content\/uploads\/2023\/02\/logo_impulso_verde_r-2023.png","width":300,"height":346,"caption":"Impulso Verde"},"image":{"@id":"https:\/\/impulsoverde.org\/fr\/#\/schema\/logo\/image\/"},"sameAs":["https:\/\/www.facebook.com\/fundacionimpulsoverde\/","https:\/\/www.instagram.com\/fundacionimpulsoverde\/","https:\/\/www.youtube.com\/channel\/UCwE9ZP8PS7IbxVncgZgjl1w\/featured"]}]}},"_links":{"self":[{"href":"https:\/\/impulsoverde.org\/fr\/wp-json\/wp\/v2\/pages\/1982","targetHints":{"allow":["GET"]}}],"collection":[{"href":"https:\/\/impulsoverde.org\/fr\/wp-json\/wp\/v2\/pages"}],"about":[{"href":"https:\/\/impulsoverde.org\/fr\/wp-json\/wp\/v2\/types\/page"}],"author":[{"embeddable":true,"href":"https:\/\/impulsoverde.org\/fr\/wp-json\/wp\/v2\/users\/1"}],"replies":[{"embeddable":true,"href":"https:\/\/impulsoverde.org\/fr\/wp-json\/wp\/v2\/comments?post=1982"}],"version-history":[{"count":17,"href":"https:\/\/impulsoverde.org\/fr\/wp-json\/wp\/v2\/pages\/1982\/revisions"}],"predecessor-version":[{"id":3286,"href":"https:\/\/impulsoverde.org\/fr\/wp-json\/wp\/v2\/pages\/1982\/revisions\/3286"}],"up":[{"embeddable":true,"href":"https:\/\/impulsoverde.org\/fr\/wp-json\/wp\/v2\/pages\/1907"}],"wp:featuredmedia":[{"embeddable":true,"href":"https:\/\/impulsoverde.org\/fr\/wp-json\/wp\/v2\/media\/1131"}],"wp:attachment":[{"href":"https:\/\/impulsoverde.org\/fr\/wp-json\/wp\/v2\/media?parent=1982"}],"curies":[{"name":"wp","href":"https:\/\/api.w.org\/{rel}","templated":true}]}}