{"id":1988,"date":"2023-02-11T04:49:17","date_gmt":"2023-02-11T09:49:17","guid":{"rendered":"https:\/\/impulsoverde.org\/mentions-legales\/"},"modified":"2023-05-04T16:17:54","modified_gmt":"2023-05-04T21:17:54","slug":"mentions-legales","status":"publish","type":"page","link":"https:\/\/impulsoverde.org\/fr\/mentions-legales\/","title":{"rendered":"Mentions l\u00e9gales"},"content":{"rendered":"<div class=\"wpb-content-wrapper\"><p>[vc_row bg_type=\u00a0\u00bbbg_color\u00a0\u00bb bg_override=\u00a0\u00bbex-full\u00a0\u00bb bg_color_value=\u00a0\u00bb#056e04&Prime; el_class=\u00a0\u00bblien-piste\u00a0\u00bb][vc_column]<style type=\"text\/css\" data-type=\"the7_shortcodes-inline-css\">.dt-breadcrumbs-id-6ca108f121cf2a3b184ecf737aea0f06 .breadcrumbs {\n  display: inline-block;\n  margin: 0;\n  padding: 2px 10px 2px 10px;\n  background: #056e04;\n  border: 0px solid ;\n  border-radius: 0px;\n}\n.dt-breadcrumbs-id-6ca108f121cf2a3b184ecf737aea0f06 .breadcrumbs * {\n  color: #ffffff;\n}\n<\/style><div class=\"dt-breadcrumbs-shortcode dt-breadcrumbs-id-6ca108f121cf2a3b184ecf737aea0f06 align-centre\"><div class=\"assistive-text\">Vous \u00eates ici :<\/div><ol class=\"breadcrumbs text-small\" itemscope itemtype=\"https:\/\/schema.org\/BreadcrumbList\"><li itemprop=\"itemListElement\" itemscope itemtype=\"https:\/\/schema.org\/ListItem\"><a itemprop=\"item\" href=\"https:\/\/impulsoverde.org\/fr\/\" title=\"Accueil\"><span itemprop=\"name\">Accueil<\/span><\/a><meta itemprop=\"position\" content=\"1\" \/><\/li><li class=\"current\" itemprop=\"itemListElement\" itemscope itemtype=\"https:\/\/schema.org\/ListItem\"><span itemprop=\"name\">Page<\/span><meta itemprop=\"position\" content=\"2\" \/><\/li><\/ol><\/div>[\/vc_column][\/vc_row][vc_row gap=\u00a0\u00bb3&Prime; content_placement=\u00a0\u00bbtop\u00a0\u00bb][vc_column][vc_single_image image=\u00a0\u00bb1133&Prime; img_size=\u00a0\u00bblarge\u00a0\u00bb alignment=\u00a0\u00bbcenter\u00a0\u00bb image_hovers=\u00a0\u00bbfalse\u00a0\u00bb][vc_empty_space height=\u00a0\u00bb30px\u00a0\u00bb][vc_column_text]<\/p>\n<h2 style=\"text-align: center\"><span style=\"color: #056e04\">Mentions l\u00e9gales et RGPD<\/span><\/h2>\n<p>[\/vc_column_text][vc_empty_space height=\u00a0\u00bb30px\u00a0\u00bb][\/vc_column][\/vc_row][vc_row gap=\u00a0\u00bb35&Prime; el_class=\u00a0\u00bbpage-sidefix\u00a0\u00bb][vc_column width=\u00a0\u00bb1\/4&Prime; el_id=\u00a0\u00bbsidefixbox\u00a0\u00bb el_class=\u00a0\u00bbsimple\u00a0\u00bb][vc_widget_sidebar show_bg=\u00a0\u00bbfalse\u00a0\u00bb sidebar_id=\u00a0\u00bbsidebar_8&Prime;][\/vc_column][vc_column width=\u00a0\u00bb3\/4&Prime; el_class=\u00a0\u00bbicon-fleche\u00a0\u00bb][vc_row_inner content_placement=\u00a0\u00bbmiddle\u00a0\u00bb gap=\u00a0\u00bb35&Prime;][vc_column_inner][vc_column_text css=\u00a0\u00bb.vc_custom_1675254612187{margin-bottom: 40px !important;}\u00a0\u00bb]<\/p>\n<h3 id=\"point-presentation\"><span style=\"color: #a04f16\">Pr\u00e9sentation du site<\/span><\/h3>\n<p>[\/vc_column_text][vc_column_text]<\/p>\n<p style=\"text-align: justify\">En vertu de l\u2019article 6 de la loi n\u00b0 2004-575 du 21 juin 2004 pour la confiance dans l\u2019\u00e9conomie num\u00e9rique, il est pr\u00e9cis\u00e9 aux utilisateurs du site www.impulsoverde.org, l\u2019identit\u00e9 des diff\u00e9rents intervenants dans le cadre de sa r\u00e9alisation et de son suivi :<\/p>\n<p><strong>Propri\u00e9taire :<\/strong><br \/>\nFundaci\u00f3n Impulso Verde Kuaspue<br \/>\nAvenida 5B Norte 50N 05<br \/>\nCali, Colombia<\/p>\n<p><strong>Cr\u00e9ateur :<\/strong> Jean-Gabriel Noze &#8211; <a href=\"https:\/\/www.smart-id.fr\/\" target=\"_blank\" rel=\"noopener noreferrer\">Smart ID.fr<\/a><\/p>\n<p><strong>Responsable publication :<\/strong><br \/>\nImpulso Verde Kuaspue \u2013 contacto@impulsoverde.org<br \/>\nLe responsable publication est une personne morale.<\/p>\n<p><strong>H\u00e9bergeur :<\/strong> OVH \u2013 2 rue Kellermann 59100 Roubaix \u2013 France[\/vc_column_text][\/vc_column_inner][\/vc_row_inner][vc_row_inner gap=\u00a0\u00bb35&Prime;][vc_column_inner][vc_empty_space height=\u00a0\u00bb20px\u00a0\u00bb][vc_column_text css=\u00a0\u00bb.vc_custom_1675254634613{margin-bottom: 40px !important;}\u00a0\u00bb]<\/p>\n<h3 id=\"point-protection\"><span style=\"color: #a04f16\">Protection des donn\u00e9es personnelles sur le site <\/span><\/h3>\n<p>[\/vc_column_text][vc_column_text]<\/p>\n<p style=\"text-align: justify\">Aucune information personnelle n\u2019est publi\u00e9e \u00e0 l\u2019insu de l\u2019utilisateur, \u00e9chang\u00e9e, transf\u00e9r\u00e9e, c\u00e9d\u00e9e ou vendue sur un support quelconque \u00e0 des tiers.<\/p>\n<p>Impulso Verde Kuaspue s\u2019engage \u00e0 :[\/vc_column_text][vc_empty_space height=\u00a0\u00bb20px\u00a0\u00bb]<div class=\"standard-arrow bullet-top\"><ul>\n<li>Demander et sauvegarder le consentement des personnes pour le traitement des donn\u00e9es les concernant,<\/li>\n<li>Collecter uniquement les renseignements n\u00e9cessaires, \u00e9viter de collecter des informations superflues,<\/li>\n<li>Laisser la possibilit\u00e9 aux personnes dont les donn\u00e9es sont collect\u00e9es de conna\u00eetre les \u00e9l\u00e9ments conserv\u00e9s sur elles.<\/li>\n<\/ul>\n<\/div>[vc_empty_space height=\u00a0\u00bb20px\u00a0\u00bb][\/vc_column_inner][\/vc_row_inner][vc_row_inner gap=\u00a0\u00bb35&Prime;][vc_column_inner][vc_empty_space height=\u00a0\u00bb20px\u00a0\u00bb][vc_column_text css=\u00a0\u00bb.vc_custom_1675254657411{margin-bottom: 40px !important;}\u00a0\u00bb]<\/p>\n<h3 id=\"point-vos-donnees\"><span style=\"color: #a04f16\">Pourquoi collecter vos donn\u00e9es ? <\/span><\/h3>\n<p>[\/vc_column_text][vc_column_text]Aucune information personnelle n\u2019est publi\u00e9e \u00e0 l\u2019insu de l\u2019utilisateur, \u00e9chang\u00e9e, transf\u00e9r\u00e9e, c\u00e9d\u00e9e ou vendue sur un support quelconque \u00e0 des tiers.<\/p>\n<p>Impulso Verde Kuaspue s\u2019engage \u00e0 :[\/vc_column_text][vc_empty_space height=\u00a0\u00bb20px\u00a0\u00bb]<div class=\"standard-arrow bullet-top\"><ul>\n<li>Vous contactez Impulso Verde Kuaspue via le formulaire de contact, vos coordonn\u00e9es serviront \u00e0 vous r\u00e9pondre.<\/li>\n<li>Vous vous inscrivez \u00e0 la newsletter d\u2019Impulso Verde Kuaspue, votre adresse mail est automatiquement ajout\u00e9e \u00e0 la liste de diffusion. Cette liste de diffusion est confidentielle. Vous pouvez vous d\u00e9sinscrire \u00e0 tout moment.<\/li>\n<li>Vous faites un don \u00e0 Impulso Verde Kuaspue. Nous recevons un mail de confirmation ainsi que les coordonn\u00e9es du donateur. Vos coordonn\u00e9es servent \u00e0 entrer en contact avec vous et \u00e0 vous remercier.<\/li>\n<\/ul>\n<\/div>[vc_empty_space height=\u00a0\u00bb20px\u00a0\u00bb][\/vc_column_inner][\/vc_row_inner][vc_row_inner gap=\u00a0\u00bb35&Prime;][vc_column_inner][vc_empty_space height=\u00a0\u00bb20px\u00a0\u00bb][vc_column_text css=\u00a0\u00bb.vc_custom_1675254727042{margin-bottom: 40px !important;}\u00a0\u00bb]<\/p>\n<h3 id=\"point-liens\"><span style=\"color: #a04f16\">Liens hypertextes <\/span><\/h3>\n<p>[\/vc_column_text][vc_column_text]Ce site contient des liens hypertextes vers d\u2019autres sites. Cependant, Impulso Verde Kuaspue n\u2019a pas la possibilit\u00e9 de v\u00e9rifier le contenu des sites ainsi visit\u00e9s, et d\u00e9cline donc toute responsabilit\u00e9 concernant ces sites internet.[\/vc_column_text][vc_empty_space height=\u00a0\u00bb20px\u00a0\u00bb][\/vc_column_inner][\/vc_row_inner][vc_row_inner gap=\u00a0\u00bb35&Prime;][vc_column_inner][vc_empty_space height=\u00a0\u00bb20px\u00a0\u00bb][vc_column_text css=\u00a0\u00bb.vc_custom_1675254781763{margin-bottom: 40px !important;}\u00a0\u00bb]<\/p>\n<h3 id=\"point-cookies\"><span style=\"color: #a04f16\">Gestion des cookies <\/span><\/h3>\n<p>[\/vc_column_text][vc_column_text]La navigation sur le site www.impulsoverde.org est susceptible de provoquer l\u2019installation de cookie(s) sur l\u2019ordinateur de l\u2019utilisateur. Un cookie est un fichier de petite taille, qui ne permet pas l\u2019identification de l\u2019utilisateur, mais qui enregistre des informations relatives \u00e0 la navigation d\u2019un ordinateur sur un site. Les donn\u00e9es ainsi obtenues visent \u00e0 faciliter la navigation ult\u00e9rieure sur le site et sont exploit\u00e9es aux seules fins de statistiques. Elles permettent de mesurer la fr\u00e9quentation du site via Google Analytics.<\/p>\n<p>Le refus d\u2019installation d\u2019un cookie peut entra\u00eener l\u2019impossibilit\u00e9 d\u2019acc\u00e9der \u00e0 certains services. L\u2019utilisateur peut toutefois configurer ou refuser l\u2019installation de cookies.<\/p>\n<p>Cliquez sur ce bouton si vous souhaitez configurer l&rsquo;utilisations des cookies : [cookie_settings][\/vc_column_text][vc_empty_space height=\u00a0\u00bb20px\u00a0\u00bb][vc_column_text]<\/p>\n<p style=\"text-align: center\">[cookie_audit]<\/p>\n<p>[\/vc_column_text][vc_empty_space height=\u00a0\u00bb20px\u00a0\u00bb][\/vc_column_inner][\/vc_row_inner][vc_row_inner gap=\u00a0\u00bb35&Prime;][vc_column_inner][vc_empty_space height=\u00a0\u00bb20px\u00a0\u00bb][vc_column_text css=\u00a0\u00bb.vc_custom_1675254874645{margin-bottom: 40px !important;}\u00a0\u00bb]<\/p>\n<h3 id=\"point-droit\"><span style=\"color: #a04f16\">Droit applicable et attribution de juridiction <\/span><\/h3>\n<p>[\/vc_column_text][vc_column_text]<\/p>\n<p style=\"text-align: justify\">Tout litige en relation avec l\u2019utilisation du site www.impulsoverde.org est soumis au droit colombien. Il est fait attribution exclusive de juridiction aux tribunaux comp\u00e9tents de Cali.<\/p>\n<p>[\/vc_column_text][vc_empty_space height=\u00a0\u00bb20px\u00a0\u00bb][\/vc_column_inner][\/vc_row_inner][vc_row_inner gap=\u00a0\u00bb35&Prime;][vc_column_inner][vc_empty_space height=\u00a0\u00bb20px\u00a0\u00bb][vc_column_text css=\u00a0\u00bb.vc_custom_1675254920888{margin-bottom: 40px !important;}\u00a0\u00bb]<\/p>\n<h3 id=\"point-intellectuelle\"><span style=\"color: #a04f16\">Propri\u00e9t\u00e9 intellectuelle<\/span><\/h3>\n<p>[\/vc_column_text][vc_column_text]<\/p>\n<p style=\"text-align: justify\">L&rsquo;ensemble des contenus de ce site Internet est prot\u00e9g\u00e9 par des droits de propri\u00e9t\u00e9 intellectuelle. La reproduction, totale ou partielle, est strictement interdite sans autorisation pr\u00e9alable.<\/p>\n<p>[\/vc_column_text][vc_empty_space height=\u00a0\u00bb20px\u00a0\u00bb][\/vc_column_inner][\/vc_row_inner][vc_row_inner gap=\u00a0\u00bb35&Prime;][vc_column_inner][vc_empty_space height=\u00a0\u00bb20px\u00a0\u00bb][vc_column_text]<\/p>\n<h3 id=\"point-credits\"><span style=\"color: #a04f16\">Cr\u00e9dits photos <\/span><\/h3>\n<p>[\/vc_column_text][vc_column_text]\u00a9 Fundaci\u00f3n Impulso Verde Kuaspue<br \/>\nPhoto libre de droit \u00a9 Fotolia<br \/>\nPhoto libre de droit \u00a9 unsplash.com ; auteurs :[\/vc_column_text][vc_empty_space height=\u00a0\u00bb20px\u00a0\u00bb][\/vc_column_inner][\/vc_row_inner][vc_row_inner][vc_column_inner width=\u00a0\u00bb1\/3&Prime;][vc_column_text]- <a href=\"https:\/\/unsplash.com\/@wesidetrip\" target=\"_blank\" rel=\"noopener noreferrer\">WeSideTrip<\/a><br \/>\n&#8211; <a href=\"https:\/\/unsplash.com\/@mlechner\" target=\"_blank\" rel=\"noopener noreferrer\">Michael Lechner<\/a><br \/>\n&#8211; <a href=\"https:\/\/unsplash.com\/@gabrielizalo?utm_source=unsplash&amp;utm_medium=referral&amp;utm_content=creditCopyText\" target=\"_blank\" rel=\"noopener noreferrer\">Gabriel Porras<\/a><br \/>\n&#8211; <a href=\"https:\/\/unsplash.com\/@hectoro\" target=\"_blank\" rel=\"noopener noreferrer\">hector orjuela<\/a><br \/>\n&#8211; <a href=\"https:\/\/unsplash.com\/@danielcgold\" target=\"_blank\" rel=\"noopener noreferrer\">Dan Gold<\/a>[\/vc_column_text][vc_empty_space height=\u00a0\u00bb20px\u00a0\u00bb][\/vc_column_inner][vc_column_inner width=\u00a0\u00bb1\/3&Prime;][vc_column_text]- <a href=\"https:\/\/unsplash.com\/@djmle29n?utm_source=unsplash&amp;utm_medium=referral&amp;utm_content=creditCopyText\" target=\"_blank\" rel=\"noopener noreferrer\">Debbie Molle<\/a><br \/>\n&#8211; <a href=\"https:\/\/unsplash.com\/@shimikumi32\" target=\"_blank\" rel=\"noopener noreferrer\">Kumiko SHIMIZU<\/a><br \/>\n&#8211; <a href=\"https:\/\/unsplash.com\/@mtsjrdl?utm_source=unsplash&amp;utm_medium=referral&amp;utm_content=creditCopyText\" target=\"_blank\" rel=\"noopener noreferrer\">Mathis Jrdl<\/a><br \/>\n&#8211; <a href=\"https:\/\/unsplash.com\/@nebirdsplus\" target=\"_blank\" rel=\"noopener noreferrer\">Philip Brown<\/a><br \/>\n&#8211; <a href=\"https:\/\/unsplash.com\/@dels?utm_source=unsplash&amp;utm_medium=referral&amp;utm_content=creditCopyText\" target=\"_blank\" rel=\"noopener noreferrer\">Delia Giandeini<\/a>[\/vc_column_text][vc_empty_space height=\u00a0\u00bb20px\u00a0\u00bb][\/vc_column_inner][vc_column_inner width=\u00a0\u00bb1\/3&Prime;][vc_column_text]- <a href=\"https:\/\/unsplash.com\/@scottjhorn\" target=\"_blank\" rel=\"noopener noreferrer\">Scott Horn<\/a><br \/>\n&#8211; <a href=\"https:\/\/unsplash.com\/@annafisker?utm_source=unsplash&amp;utm_medium=referral&amp;utm_content=creditCopyText\" target=\"_blank\" rel=\"noopener noreferrer\">Anna Rasmussen<\/a><br \/>\n&#8211; <a href=\"https:\/\/unsplash.com\/@jacobplumb?utm_source=unsplash&amp;utm_medium=referral&amp;utm_content=creditCopyText\">Jacob Plumb<\/a><br \/>\n&#8211; <a href=\"https:\/\/unsplash.com\/@borisworkshop?utm_source=unsplash&amp;utm_medium=referral&amp;utm_content=creditCopyText\" target=\"_blank\" rel=\"noopener noreferrer\">Boris Smokrovic<\/a>[\/vc_column_text][vc_empty_space height=\u00a0\u00bb20px\u00a0\u00bb][\/vc_column_inner][\/vc_row_inner][vc_row_inner gap=\u00a0\u00bb35&Prime;][vc_column_inner][vc_empty_space height=\u00a0\u00bb20px\u00a0\u00bb][vc_column_text]<\/p>\n<h3 id=\"point-contact\"><span style=\"color: #a04f16\">Comment nous contacter ? <\/span><\/h3>\n<p>[\/vc_column_text][vc_column_text]En \u00e9crivant \u00e0 l\u2019adresse mail suivante <a href=\"mailto:contacto@impulsoverde.org\">contacto@impulsoverde.org<\/a>[\/vc_column_text][\/vc_column_inner][\/vc_row_inner][vc_empty_space height=\u00a0\u00bb40px\u00a0\u00bb][\/vc_column][\/vc_row]<\/p>\n<\/div>","protected":false},"excerpt":{"rendered":"<p>[vc_row bg_type=\u00a0\u00bbbg_color\u00a0\u00bb bg_override=\u00a0\u00bbex-full\u00a0\u00bb bg_color_value=\u00a0\u00bb#056e04&Prime; el_class=\u00a0\u00bblien-piste\u00a0\u00bb][vc_column][\/vc_column][\/vc_row][vc_row gap=\u00a0\u00bb3&Prime; content_placement=\u00a0\u00bbtop\u00a0\u00bb][vc_column][vc_single_image image=\u00a0\u00bb1133&Prime; img_size=\u00a0\u00bblarge\u00a0\u00bb alignment=\u00a0\u00bbcenter\u00a0\u00bb image_hovers=\u00a0\u00bbfalse\u00a0\u00bb][vc_empty_space height=\u00a0\u00bb30px\u00a0\u00bb][vc_column_text] Mentions l\u00e9gales et RGPD [\/vc_column_text][vc_empty_space height=\u00a0\u00bb30px\u00a0\u00bb][\/vc_column][\/vc_row][vc_row gap=\u00a0\u00bb35&Prime; el_class=\u00a0\u00bbpage-sidefix\u00a0\u00bb][vc_column width=\u00a0\u00bb1\/4&Prime; el_id=\u00a0\u00bbsidefixbox\u00a0\u00bb el_class=\u00a0\u00bbsimple\u00a0\u00bb][vc_widget_sidebar show_bg=\u00a0\u00bbfalse\u00a0\u00bb sidebar_id=\u00a0\u00bbsidebar_8&Prime;][\/vc_column][vc_column width=\u00a0\u00bb3\/4&Prime; el_class=\u00a0\u00bbicon-fleche\u00a0\u00bb][vc_row_inner content_placement=\u00a0\u00bbmiddle\u00a0\u00bb gap=\u00a0\u00bb35&Prime;][vc_column_inner][vc_column_text css=\u00a0\u00bb.vc_custom_1675254612187{margin-bottom: 40px !important;}\u00a0\u00bb] Pr\u00e9sentation du site [\/vc_column_text][vc_column_text] En vertu de l\u2019article 6 de la loi n\u00b0 2004-575 du 21 juin 2004 pour la confiance dans l\u2019\u00e9conomie&hellip;<\/p>\n","protected":false},"author":1,"featured_media":1485,"parent":0,"menu_order":0,"comment_status":"closed","ping_status":"closed","template":"","meta":{"footnotes":""},"class_list":["post-1988","page","type-page","status-publish","has-post-thumbnail","hentry","description-off"],"yoast_head":"<!-- This site is optimized with the Yoast SEO plugin v27.4 - https:\/\/yoast.com\/product\/yoast-seo-wordpress\/ -->\n<title>Mentions l\u00e9gales - Impulso Verde<\/title>\n<meta name=\"description\" content=\"Se informa a los usuarios del sitio www.impulsoverde.org, la identidad de las personas implicadas en la edici\u00f3n y publicaci\u00f3n de las informaciones...\" \/>\n<meta name=\"robots\" content=\"index, follow, max-snippet:-1, max-image-preview:large, max-video-preview:-1\" \/>\n<link rel=\"canonical\" href=\"https:\/\/impulsoverde.org\/fr\/mentions-legales\/\" \/>\n<meta property=\"og:locale\" content=\"fr_FR\" \/>\n<meta property=\"og:type\" content=\"article\" \/>\n<meta property=\"og:title\" content=\"Mentions l\u00e9gales - Impulso Verde\" \/>\n<meta property=\"og:description\" content=\"Se informa a los usuarios del sitio www.impulsoverde.org, la identidad de las personas implicadas en la edici\u00f3n y publicaci\u00f3n de las informaciones...\" \/>\n<meta property=\"og:url\" content=\"https:\/\/impulsoverde.org\/fr\/mentions-legales\/\" \/>\n<meta property=\"og:site_name\" content=\"Impulso Verde\" \/>\n<meta property=\"article:publisher\" content=\"https:\/\/www.facebook.com\/fundacionimpulsoverde\/\" \/>\n<meta property=\"article:modified_time\" content=\"2023-05-04T21:17:54+00:00\" \/>\n<meta property=\"og:image\" content=\"https:\/\/impulsoverde.org\/wp-content\/uploads\/2023\/02\/noticias_legal_impulso-verde-2023.jpg\" \/>\n\t<meta property=\"og:image:width\" content=\"1920\" \/>\n\t<meta property=\"og:image:height\" content=\"800\" \/>\n\t<meta property=\"og:image:type\" content=\"image\/jpeg\" \/>\n<meta name=\"twitter:card\" content=\"summary_large_image\" \/>\n<meta name=\"twitter:label1\" content=\"Dur\u00e9e de lecture estim\u00e9e\" \/>\n\t<meta name=\"twitter:data1\" content=\"3 minutes\" \/>\n<script type=\"application\/ld+json\" class=\"yoast-schema-graph\">{\"@context\":\"https:\\\/\\\/schema.org\",\"@graph\":[{\"@type\":\"WebPage\",\"@id\":\"https:\\\/\\\/impulsoverde.org\\\/fr\\\/mentions-legales\\\/\",\"url\":\"https:\\\/\\\/impulsoverde.org\\\/fr\\\/mentions-legales\\\/\",\"name\":\"Mentions l\u00e9gales - Impulso Verde\",\"isPartOf\":{\"@id\":\"https:\\\/\\\/impulsoverde.org\\\/fr\\\/#website\"},\"primaryImageOfPage\":{\"@id\":\"https:\\\/\\\/impulsoverde.org\\\/fr\\\/mentions-legales\\\/#primaryimage\"},\"image\":{\"@id\":\"https:\\\/\\\/impulsoverde.org\\\/fr\\\/mentions-legales\\\/#primaryimage\"},\"thumbnailUrl\":\"https:\\\/\\\/impulsoverde.org\\\/wp-content\\\/uploads\\\/2023\\\/02\\\/noticias_legal_impulso-verde-2023.jpg\",\"datePublished\":\"2023-02-11T09:49:17+00:00\",\"dateModified\":\"2023-05-04T21:17:54+00:00\",\"description\":\"Se informa a los usuarios del sitio www.impulsoverde.org, la identidad de las personas implicadas en la edici\u00f3n y publicaci\u00f3n de las informaciones...\",\"breadcrumb\":{\"@id\":\"https:\\\/\\\/impulsoverde.org\\\/fr\\\/mentions-legales\\\/#breadcrumb\"},\"inLanguage\":\"fr-FR\",\"potentialAction\":[{\"@type\":\"ReadAction\",\"target\":[\"https:\\\/\\\/impulsoverde.org\\\/fr\\\/mentions-legales\\\/\"]}]},{\"@type\":\"ImageObject\",\"inLanguage\":\"fr-FR\",\"@id\":\"https:\\\/\\\/impulsoverde.org\\\/fr\\\/mentions-legales\\\/#primaryimage\",\"url\":\"https:\\\/\\\/impulsoverde.org\\\/wp-content\\\/uploads\\\/2023\\\/02\\\/noticias_legal_impulso-verde-2023.jpg\",\"contentUrl\":\"https:\\\/\\\/impulsoverde.org\\\/wp-content\\\/uploads\\\/2023\\\/02\\\/noticias_legal_impulso-verde-2023.jpg\",\"width\":1920,\"height\":800},{\"@type\":\"BreadcrumbList\",\"@id\":\"https:\\\/\\\/impulsoverde.org\\\/fr\\\/mentions-legales\\\/#breadcrumb\",\"itemListElement\":[{\"@type\":\"ListItem\",\"position\":1,\"name\":\"Inicio\",\"item\":\"https:\\\/\\\/impulsoverde.org\\\/fr\\\/\"},{\"@type\":\"ListItem\",\"position\":2,\"name\":\"Mentions l\u00e9gales\"}]},{\"@type\":\"WebSite\",\"@id\":\"https:\\\/\\\/impulsoverde.org\\\/fr\\\/#website\",\"url\":\"https:\\\/\\\/impulsoverde.org\\\/fr\\\/\",\"name\":\"Impulso Verde\",\"description\":\"Impulso Verde\",\"publisher\":{\"@id\":\"https:\\\/\\\/impulsoverde.org\\\/fr\\\/#organization\"},\"potentialAction\":[{\"@type\":\"SearchAction\",\"target\":{\"@type\":\"EntryPoint\",\"urlTemplate\":\"https:\\\/\\\/impulsoverde.org\\\/fr\\\/?s={search_term_string}\"},\"query-input\":{\"@type\":\"PropertyValueSpecification\",\"valueRequired\":true,\"valueName\":\"search_term_string\"}}],\"inLanguage\":\"fr-FR\"},{\"@type\":\"Organization\",\"@id\":\"https:\\\/\\\/impulsoverde.org\\\/fr\\\/#organization\",\"name\":\"Impulso Verde\",\"url\":\"https:\\\/\\\/impulsoverde.org\\\/fr\\\/\",\"logo\":{\"@type\":\"ImageObject\",\"inLanguage\":\"fr-FR\",\"@id\":\"https:\\\/\\\/impulsoverde.org\\\/fr\\\/#\\\/schema\\\/logo\\\/image\\\/\",\"url\":\"https:\\\/\\\/impulsoverde.org\\\/wp-content\\\/uploads\\\/2023\\\/02\\\/logo_impulso_verde_r-2023.png\",\"contentUrl\":\"https:\\\/\\\/impulsoverde.org\\\/wp-content\\\/uploads\\\/2023\\\/02\\\/logo_impulso_verde_r-2023.png\",\"width\":300,\"height\":346,\"caption\":\"Impulso Verde\"},\"image\":{\"@id\":\"https:\\\/\\\/impulsoverde.org\\\/fr\\\/#\\\/schema\\\/logo\\\/image\\\/\"},\"sameAs\":[\"https:\\\/\\\/www.facebook.com\\\/fundacionimpulsoverde\\\/\",\"https:\\\/\\\/www.instagram.com\\\/fundacionimpulsoverde\\\/\",\"https:\\\/\\\/www.youtube.com\\\/channel\\\/UCwE9ZP8PS7IbxVncgZgjl1w\\\/featured\"]}]}<\/script>\n<!-- \/ Yoast SEO plugin. -->","yoast_head_json":{"title":"Mentions l\u00e9gales - Impulso Verde","description":"Se informa a los usuarios del sitio www.impulsoverde.org, la identidad de las personas implicadas en la edici\u00f3n y publicaci\u00f3n de las informaciones...","robots":{"index":"index","follow":"follow","max-snippet":"max-snippet:-1","max-image-preview":"max-image-preview:large","max-video-preview":"max-video-preview:-1"},"canonical":"https:\/\/impulsoverde.org\/fr\/mentions-legales\/","og_locale":"fr_FR","og_type":"article","og_title":"Mentions l\u00e9gales - Impulso Verde","og_description":"Se informa a los usuarios del sitio www.impulsoverde.org, la identidad de las personas implicadas en la edici\u00f3n y publicaci\u00f3n de las informaciones...","og_url":"https:\/\/impulsoverde.org\/fr\/mentions-legales\/","og_site_name":"Impulso Verde","article_publisher":"https:\/\/www.facebook.com\/fundacionimpulsoverde\/","article_modified_time":"2023-05-04T21:17:54+00:00","og_image":[{"width":1920,"height":800,"url":"https:\/\/impulsoverde.org\/wp-content\/uploads\/2023\/02\/noticias_legal_impulso-verde-2023.jpg","type":"image\/jpeg"}],"twitter_card":"summary_large_image","twitter_misc":{"Dur\u00e9e de lecture estim\u00e9e":"3 minutes"},"schema":{"@context":"https:\/\/schema.org","@graph":[{"@type":"WebPage","@id":"https:\/\/impulsoverde.org\/fr\/mentions-legales\/","url":"https:\/\/impulsoverde.org\/fr\/mentions-legales\/","name":"Mentions l\u00e9gales - Impulso Verde","isPartOf":{"@id":"https:\/\/impulsoverde.org\/fr\/#website"},"primaryImageOfPage":{"@id":"https:\/\/impulsoverde.org\/fr\/mentions-legales\/#primaryimage"},"image":{"@id":"https:\/\/impulsoverde.org\/fr\/mentions-legales\/#primaryimage"},"thumbnailUrl":"https:\/\/impulsoverde.org\/wp-content\/uploads\/2023\/02\/noticias_legal_impulso-verde-2023.jpg","datePublished":"2023-02-11T09:49:17+00:00","dateModified":"2023-05-04T21:17:54+00:00","description":"Se informa a los usuarios del sitio www.impulsoverde.org, la identidad de las personas implicadas en la edici\u00f3n y publicaci\u00f3n de las informaciones...","breadcrumb":{"@id":"https:\/\/impulsoverde.org\/fr\/mentions-legales\/#breadcrumb"},"inLanguage":"fr-FR","potentialAction":[{"@type":"ReadAction","target":["https:\/\/impulsoverde.org\/fr\/mentions-legales\/"]}]},{"@type":"ImageObject","inLanguage":"fr-FR","@id":"https:\/\/impulsoverde.org\/fr\/mentions-legales\/#primaryimage","url":"https:\/\/impulsoverde.org\/wp-content\/uploads\/2023\/02\/noticias_legal_impulso-verde-2023.jpg","contentUrl":"https:\/\/impulsoverde.org\/wp-content\/uploads\/2023\/02\/noticias_legal_impulso-verde-2023.jpg","width":1920,"height":800},{"@type":"BreadcrumbList","@id":"https:\/\/impulsoverde.org\/fr\/mentions-legales\/#breadcrumb","itemListElement":[{"@type":"ListItem","position":1,"name":"Inicio","item":"https:\/\/impulsoverde.org\/fr\/"},{"@type":"ListItem","position":2,"name":"Mentions l\u00e9gales"}]},{"@type":"WebSite","@id":"https:\/\/impulsoverde.org\/fr\/#website","url":"https:\/\/impulsoverde.org\/fr\/","name":"Impulso Verde","description":"Impulso Verde","publisher":{"@id":"https:\/\/impulsoverde.org\/fr\/#organization"},"potentialAction":[{"@type":"SearchAction","target":{"@type":"EntryPoint","urlTemplate":"https:\/\/impulsoverde.org\/fr\/?s={search_term_string}"},"query-input":{"@type":"PropertyValueSpecification","valueRequired":true,"valueName":"search_term_string"}}],"inLanguage":"fr-FR"},{"@type":"Organization","@id":"https:\/\/impulsoverde.org\/fr\/#organization","name":"Impulso Verde","url":"https:\/\/impulsoverde.org\/fr\/","logo":{"@type":"ImageObject","inLanguage":"fr-FR","@id":"https:\/\/impulsoverde.org\/fr\/#\/schema\/logo\/image\/","url":"https:\/\/impulsoverde.org\/wp-content\/uploads\/2023\/02\/logo_impulso_verde_r-2023.png","contentUrl":"https:\/\/impulsoverde.org\/wp-content\/uploads\/2023\/02\/logo_impulso_verde_r-2023.png","width":300,"height":346,"caption":"Impulso Verde"},"image":{"@id":"https:\/\/impulsoverde.org\/fr\/#\/schema\/logo\/image\/"},"sameAs":["https:\/\/www.facebook.com\/fundacionimpulsoverde\/","https:\/\/www.instagram.com\/fundacionimpulsoverde\/","https:\/\/www.youtube.com\/channel\/UCwE9ZP8PS7IbxVncgZgjl1w\/featured"]}]}},"_links":{"self":[{"href":"https:\/\/impulsoverde.org\/fr\/wp-json\/wp\/v2\/pages\/1988","targetHints":{"allow":["GET"]}}],"collection":[{"href":"https:\/\/impulsoverde.org\/fr\/wp-json\/wp\/v2\/pages"}],"about":[{"href":"https:\/\/impulsoverde.org\/fr\/wp-json\/wp\/v2\/types\/page"}],"author":[{"embeddable":true,"href":"https:\/\/impulsoverde.org\/fr\/wp-json\/wp\/v2\/users\/1"}],"replies":[{"embeddable":true,"href":"https:\/\/impulsoverde.org\/fr\/wp-json\/wp\/v2\/comments?post=1988"}],"version-history":[{"count":6,"href":"https:\/\/impulsoverde.org\/fr\/wp-json\/wp\/v2\/pages\/1988\/revisions"}],"predecessor-version":[{"id":3579,"href":"https:\/\/impulsoverde.org\/fr\/wp-json\/wp\/v2\/pages\/1988\/revisions\/3579"}],"wp:featuredmedia":[{"embeddable":true,"href":"https:\/\/impulsoverde.org\/fr\/wp-json\/wp\/v2\/media\/1485"}],"wp:attachment":[{"href":"https:\/\/impulsoverde.org\/fr\/wp-json\/wp\/v2\/media?parent=1988"}],"curies":[{"name":"wp","href":"https:\/\/api.w.org\/{rel}","templated":true}]}}