{"id":2008,"date":"2023-02-10T14:33:32","date_gmt":"2023-02-10T19:33:32","guid":{"rendered":"https:\/\/impulsoverde.org\/restauration\/reforestation\/"},"modified":"2023-04-13T17:53:54","modified_gmt":"2023-04-13T22:53:54","slug":"reforestation","status":"publish","type":"page","link":"https:\/\/impulsoverde.org\/fr\/restauration\/reforestation\/","title":{"rendered":"Reforestation"},"content":{"rendered":"<div class=\"wpb-content-wrapper\"><p>[vc_row bg_type=\u00a0\u00bbbg_color\u00a0\u00bb bg_override=\u00a0\u00bbex-full\u00a0\u00bb bg_color_value=\u00a0\u00bb#056e04&Prime; el_class=\u00a0\u00bblien-piste\u00a0\u00bb][vc_column]<style type=\"text\/css\" data-type=\"the7_shortcodes-inline-css\">.dt-breadcrumbs-id-6ca108f121cf2a3b184ecf737aea0f06 .breadcrumbs {\n  display: inline-block;\n  margin: 0;\n  padding: 2px 10px 2px 10px;\n  background: #056e04;\n  border: 0px solid ;\n  border-radius: 0px;\n}\n.dt-breadcrumbs-id-6ca108f121cf2a3b184ecf737aea0f06 .breadcrumbs * {\n  color: #ffffff;\n}\n<\/style><div class=\"dt-breadcrumbs-shortcode dt-breadcrumbs-id-6ca108f121cf2a3b184ecf737aea0f06 align-centre\"><div class=\"assistive-text\">Vous \u00eates ici :<\/div><ol class=\"breadcrumbs text-small\" itemscope itemtype=\"https:\/\/schema.org\/BreadcrumbList\"><li itemprop=\"itemListElement\" itemscope itemtype=\"https:\/\/schema.org\/ListItem\"><a itemprop=\"item\" href=\"https:\/\/impulsoverde.org\/fr\/\" title=\"Accueil\"><span itemprop=\"name\">Accueil<\/span><\/a><meta itemprop=\"position\" content=\"1\" \/><\/li><li class=\"current\" itemprop=\"itemListElement\" itemscope itemtype=\"https:\/\/schema.org\/ListItem\"><span itemprop=\"name\">Page<\/span><meta itemprop=\"position\" content=\"2\" \/><\/li><\/ol><\/div>[\/vc_column][\/vc_row][vc_row content_placement=\u00a0\u00bbtop\u00a0\u00bb el_class=\u00a0\u00bbtop-omble\u00a0\u00bb][vc_column][vc_single_image image=\u00a0\u00bb1133&Prime; img_size=\u00a0\u00bblarge\u00a0\u00bb alignment=\u00a0\u00bbcenter\u00a0\u00bb image_hovers=\u00a0\u00bbfalse\u00a0\u00bb][\/vc_column][\/vc_row][vc_row gap=\u00a0\u00bb35&Prime; content_placement=\u00a0\u00bbmiddle\u00a0\u00bb][vc_column width=\u00a0\u00bb1\/2&Prime;][vc_column_text]<\/p>\n<p style=\"text-align: justify\">Les communaut\u00e9s ont pris conscience de la <strong>diminution de l&rsquo;eau<\/strong> et ont exprim\u00e9 leur d\u00e9sir de <strong>reforester<\/strong> les zones o\u00f9 \u00ab l\u2019eau est n\u00e9e \u00bb Depuis 2016, plus de <strong>853 000 arbres<\/strong> ont \u00e9t\u00e9 plant\u00e9s.<\/p>\n<p style=\"text-align: justify\">La plupart des plantations sont effectu\u00e9es pendant les <strong>\u00ab\u00a0mingas\u00a0\u00bb<\/strong>, qui signifie \u00ab journ\u00e9es communautaires o\u00f9 les familles et les voisins se r\u00e9unissent dans un but commun \u00bb \u00e0 Pasto.<\/p>\n<p>[\/vc_column_text][vc_empty_space height=\u00a0\u00bb40px\u00a0\u00bb][vc_column_text]<\/p>\n<h4><span style=\"color: #066e04\">Pourquoi et o\u00f9 plantons-nous ?<\/span><\/h4>\n<p>&nbsp;<\/p>\n<p>Nous plantons des arbres pour restaurer la biodiversit\u00e9 et prot\u00e9ger les ressources hydriques :[\/vc_column_text][vc_empty_space height=\u00a0\u00bb20px\u00a0\u00bb]<div class=\"standard-arrow bullet-top\"><ul>\n<li>Haies vives autour des champs<\/li>\n<li>Reforestation des bassins versants<\/li>\n<li>Protection des berges et des sources d\u2019eau<\/li>\n<\/ul>\n<\/div>[vc_empty_space height=\u00a0\u00bb10px\u00a0\u00bb][vc_column_text]<\/p>\n<p style=\"text-align: justify\">Nous livrons les arbres aux <strong>b\u00e9n\u00e9ficiaires engag\u00e9s<\/strong> qui signent un <strong>acte d&rsquo;engagement<\/strong> avec les conditions suivantes :<\/p>\n<p>[\/vc_column_text][vc_empty_space height=\u00a0\u00bb20px\u00a0\u00bb]<div class=\"standard-arrow bullet-top\"><ul>\n<li style=\"text-align: justify\">Creuser des trous avant de planter<\/li>\n<li style=\"text-align: justify\">Prot\u00e9ger et soigner les arbres<\/li>\n<li style=\"text-align: justify\">Remplacer les arbres morts<\/li>\n<li style=\"text-align: justify\">Ne pas couper les arbres<\/li>\n<\/ul>\n<\/div>[\/vc_column][vc_column width=\u00a0\u00bb1\/2&Prime;][vc_single_image image=\u00a0\u00bb1429&Prime; img_size=\u00a0\u00bblarge\u00a0\u00bb alignment=\u00a0\u00bbright\u00a0\u00bb image_hovers=\u00a0\u00bbfalse\u00a0\u00bb][\/vc_column][\/vc_row]<\/p>\n<\/div>","protected":false},"excerpt":{"rendered":"<p>[vc_row bg_type=\u00a0\u00bbbg_color\u00a0\u00bb bg_override=\u00a0\u00bbex-full\u00a0\u00bb bg_color_value=\u00a0\u00bb#056e04&Prime; el_class=\u00a0\u00bblien-piste\u00a0\u00bb][vc_column][\/vc_column][\/vc_row][vc_row content_placement=\u00a0\u00bbtop\u00a0\u00bb el_class=\u00a0\u00bbtop-omble\u00a0\u00bb][vc_column][vc_single_image image=\u00a0\u00bb1133&Prime; img_size=\u00a0\u00bblarge\u00a0\u00bb alignment=\u00a0\u00bbcenter\u00a0\u00bb image_hovers=\u00a0\u00bbfalse\u00a0\u00bb][\/vc_column][\/vc_row][vc_row gap=\u00a0\u00bb35&Prime; content_placement=\u00a0\u00bbmiddle\u00a0\u00bb][vc_column width=\u00a0\u00bb1\/2&Prime;][vc_column_text] Les communaut\u00e9s ont pris conscience de la diminution de l&rsquo;eau et ont exprim\u00e9 leur d\u00e9sir de reforester les zones o\u00f9 \u00ab l\u2019eau est n\u00e9e \u00bb Depuis 2016, plus de 853 000 arbres ont \u00e9t\u00e9 plant\u00e9s. La plupart des plantations sont effectu\u00e9es&hellip;<\/p>\n","protected":false},"author":1,"featured_media":1431,"parent":1998,"menu_order":0,"comment_status":"closed","ping_status":"closed","template":"","meta":{"footnotes":""},"class_list":["post-2008","page","type-page","status-publish","has-post-thumbnail","hentry","description-off"],"yoast_head":"<!-- This site is optimized with the Yoast SEO plugin v27.3 - https:\/\/yoast.com\/product\/yoast-seo-wordpress\/ -->\n<title>Reforestation - Impulso Verde<\/title>\n<meta name=\"description\" content=\"Les communaut\u00e9s ont pris conscience de la diminution des ressources en eau et ont exprim\u00e9 leur d\u00e9sir de reboiser les zones o\u00f9 \u00ab l\u2019eau est n\u00e9e \u00bb...\" \/>\n<meta name=\"robots\" content=\"index, follow, max-snippet:-1, max-image-preview:large, max-video-preview:-1\" \/>\n<link rel=\"canonical\" href=\"https:\/\/impulsoverde.org\/fr\/restauration\/reforestation\/\" \/>\n<meta property=\"og:locale\" content=\"fr_FR\" \/>\n<meta property=\"og:type\" content=\"article\" \/>\n<meta property=\"og:title\" content=\"Reforestation - Impulso Verde\" \/>\n<meta property=\"og:description\" content=\"Les communaut\u00e9s ont pris conscience de la diminution des ressources en eau et ont exprim\u00e9 leur d\u00e9sir de reboiser les zones o\u00f9 \u00ab l\u2019eau est n\u00e9e \u00bb...\" \/>\n<meta property=\"og:url\" content=\"https:\/\/impulsoverde.org\/fr\/restauration\/reforestation\/\" \/>\n<meta property=\"og:site_name\" content=\"Impulso Verde\" \/>\n<meta property=\"article:publisher\" content=\"https:\/\/www.facebook.com\/fundacionimpulsoverde\/\" \/>\n<meta property=\"article:modified_time\" content=\"2023-04-13T22:53:54+00:00\" \/>\n<meta property=\"og:image\" content=\"https:\/\/impulsoverde.org\/wp-content\/uploads\/2023\/02\/Paysage-departement-du-Narino-scaled-1.jpg\" \/>\n\t<meta property=\"og:image:width\" content=\"2560\" \/>\n\t<meta property=\"og:image:height\" content=\"1244\" \/>\n\t<meta property=\"og:image:type\" content=\"image\/jpeg\" \/>\n<meta name=\"twitter:card\" content=\"summary_large_image\" \/>\n<meta name=\"twitter:label1\" content=\"Dur\u00e9e de lecture estim\u00e9e\" \/>\n\t<meta name=\"twitter:data1\" content=\"1 minute\" \/>\n<script type=\"application\/ld+json\" class=\"yoast-schema-graph\">{\"@context\":\"https:\\\/\\\/schema.org\",\"@graph\":[{\"@type\":\"WebPage\",\"@id\":\"https:\\\/\\\/impulsoverde.org\\\/fr\\\/restauration\\\/reforestation\\\/\",\"url\":\"https:\\\/\\\/impulsoverde.org\\\/fr\\\/restauration\\\/reforestation\\\/\",\"name\":\"Reforestation - Impulso Verde\",\"isPartOf\":{\"@id\":\"https:\\\/\\\/impulsoverde.org\\\/fr\\\/#website\"},\"primaryImageOfPage\":{\"@id\":\"https:\\\/\\\/impulsoverde.org\\\/fr\\\/restauration\\\/reforestation\\\/#primaryimage\"},\"image\":{\"@id\":\"https:\\\/\\\/impulsoverde.org\\\/fr\\\/restauration\\\/reforestation\\\/#primaryimage\"},\"thumbnailUrl\":\"https:\\\/\\\/impulsoverde.org\\\/wp-content\\\/uploads\\\/2023\\\/02\\\/Paysage-departement-du-Narino-scaled-1.jpg\",\"datePublished\":\"2023-02-10T19:33:32+00:00\",\"dateModified\":\"2023-04-13T22:53:54+00:00\",\"description\":\"Les communaut\u00e9s ont pris conscience de la diminution des ressources en eau et ont exprim\u00e9 leur d\u00e9sir de reboiser les zones o\u00f9 \u00ab l\u2019eau est n\u00e9e \u00bb...\",\"breadcrumb\":{\"@id\":\"https:\\\/\\\/impulsoverde.org\\\/fr\\\/restauration\\\/reforestation\\\/#breadcrumb\"},\"inLanguage\":\"fr-FR\",\"potentialAction\":[{\"@type\":\"ReadAction\",\"target\":[\"https:\\\/\\\/impulsoverde.org\\\/fr\\\/restauration\\\/reforestation\\\/\"]}]},{\"@type\":\"ImageObject\",\"inLanguage\":\"fr-FR\",\"@id\":\"https:\\\/\\\/impulsoverde.org\\\/fr\\\/restauration\\\/reforestation\\\/#primaryimage\",\"url\":\"https:\\\/\\\/impulsoverde.org\\\/wp-content\\\/uploads\\\/2023\\\/02\\\/Paysage-departement-du-Narino-scaled-1.jpg\",\"contentUrl\":\"https:\\\/\\\/impulsoverde.org\\\/wp-content\\\/uploads\\\/2023\\\/02\\\/Paysage-departement-du-Narino-scaled-1.jpg\",\"width\":2560,\"height\":1244},{\"@type\":\"BreadcrumbList\",\"@id\":\"https:\\\/\\\/impulsoverde.org\\\/fr\\\/restauration\\\/reforestation\\\/#breadcrumb\",\"itemListElement\":[{\"@type\":\"ListItem\",\"position\":1,\"name\":\"Inicio\",\"item\":\"https:\\\/\\\/impulsoverde.org\\\/fr\\\/\"},{\"@type\":\"ListItem\",\"position\":2,\"name\":\"Restauration\",\"item\":\"https:\\\/\\\/impulsoverde.org\\\/fr\\\/restauration\\\/\"},{\"@type\":\"ListItem\",\"position\":3,\"name\":\"Reforestation\"}]},{\"@type\":\"WebSite\",\"@id\":\"https:\\\/\\\/impulsoverde.org\\\/fr\\\/#website\",\"url\":\"https:\\\/\\\/impulsoverde.org\\\/fr\\\/\",\"name\":\"Impulso Verde\",\"description\":\"Impulso Verde\",\"publisher\":{\"@id\":\"https:\\\/\\\/impulsoverde.org\\\/fr\\\/#organization\"},\"potentialAction\":[{\"@type\":\"SearchAction\",\"target\":{\"@type\":\"EntryPoint\",\"urlTemplate\":\"https:\\\/\\\/impulsoverde.org\\\/fr\\\/?s={search_term_string}\"},\"query-input\":{\"@type\":\"PropertyValueSpecification\",\"valueRequired\":true,\"valueName\":\"search_term_string\"}}],\"inLanguage\":\"fr-FR\"},{\"@type\":\"Organization\",\"@id\":\"https:\\\/\\\/impulsoverde.org\\\/fr\\\/#organization\",\"name\":\"Impulso Verde\",\"url\":\"https:\\\/\\\/impulsoverde.org\\\/fr\\\/\",\"logo\":{\"@type\":\"ImageObject\",\"inLanguage\":\"fr-FR\",\"@id\":\"https:\\\/\\\/impulsoverde.org\\\/fr\\\/#\\\/schema\\\/logo\\\/image\\\/\",\"url\":\"https:\\\/\\\/impulsoverde.org\\\/wp-content\\\/uploads\\\/2023\\\/02\\\/logo_impulso_verde_r-2023.png\",\"contentUrl\":\"https:\\\/\\\/impulsoverde.org\\\/wp-content\\\/uploads\\\/2023\\\/02\\\/logo_impulso_verde_r-2023.png\",\"width\":300,\"height\":346,\"caption\":\"Impulso Verde\"},\"image\":{\"@id\":\"https:\\\/\\\/impulsoverde.org\\\/fr\\\/#\\\/schema\\\/logo\\\/image\\\/\"},\"sameAs\":[\"https:\\\/\\\/www.facebook.com\\\/fundacionimpulsoverde\\\/\",\"https:\\\/\\\/www.instagram.com\\\/fundacionimpulsoverde\\\/\",\"https:\\\/\\\/www.youtube.com\\\/channel\\\/UCwE9ZP8PS7IbxVncgZgjl1w\\\/featured\"]}]}<\/script>\n<!-- \/ Yoast SEO plugin. -->","yoast_head_json":{"title":"Reforestation - Impulso Verde","description":"Les communaut\u00e9s ont pris conscience de la diminution des ressources en eau et ont exprim\u00e9 leur d\u00e9sir de reboiser les zones o\u00f9 \u00ab l\u2019eau est n\u00e9e \u00bb...","robots":{"index":"index","follow":"follow","max-snippet":"max-snippet:-1","max-image-preview":"max-image-preview:large","max-video-preview":"max-video-preview:-1"},"canonical":"https:\/\/impulsoverde.org\/fr\/restauration\/reforestation\/","og_locale":"fr_FR","og_type":"article","og_title":"Reforestation - Impulso Verde","og_description":"Les communaut\u00e9s ont pris conscience de la diminution des ressources en eau et ont exprim\u00e9 leur d\u00e9sir de reboiser les zones o\u00f9 \u00ab l\u2019eau est n\u00e9e \u00bb...","og_url":"https:\/\/impulsoverde.org\/fr\/restauration\/reforestation\/","og_site_name":"Impulso Verde","article_publisher":"https:\/\/www.facebook.com\/fundacionimpulsoverde\/","article_modified_time":"2023-04-13T22:53:54+00:00","og_image":[{"width":2560,"height":1244,"url":"https:\/\/impulsoverde.org\/wp-content\/uploads\/2023\/02\/Paysage-departement-du-Narino-scaled-1.jpg","type":"image\/jpeg"}],"twitter_card":"summary_large_image","twitter_misc":{"Dur\u00e9e de lecture estim\u00e9e":"1 minute"},"schema":{"@context":"https:\/\/schema.org","@graph":[{"@type":"WebPage","@id":"https:\/\/impulsoverde.org\/fr\/restauration\/reforestation\/","url":"https:\/\/impulsoverde.org\/fr\/restauration\/reforestation\/","name":"Reforestation - Impulso Verde","isPartOf":{"@id":"https:\/\/impulsoverde.org\/fr\/#website"},"primaryImageOfPage":{"@id":"https:\/\/impulsoverde.org\/fr\/restauration\/reforestation\/#primaryimage"},"image":{"@id":"https:\/\/impulsoverde.org\/fr\/restauration\/reforestation\/#primaryimage"},"thumbnailUrl":"https:\/\/impulsoverde.org\/wp-content\/uploads\/2023\/02\/Paysage-departement-du-Narino-scaled-1.jpg","datePublished":"2023-02-10T19:33:32+00:00","dateModified":"2023-04-13T22:53:54+00:00","description":"Les communaut\u00e9s ont pris conscience de la diminution des ressources en eau et ont exprim\u00e9 leur d\u00e9sir de reboiser les zones o\u00f9 \u00ab l\u2019eau est n\u00e9e \u00bb...","breadcrumb":{"@id":"https:\/\/impulsoverde.org\/fr\/restauration\/reforestation\/#breadcrumb"},"inLanguage":"fr-FR","potentialAction":[{"@type":"ReadAction","target":["https:\/\/impulsoverde.org\/fr\/restauration\/reforestation\/"]}]},{"@type":"ImageObject","inLanguage":"fr-FR","@id":"https:\/\/impulsoverde.org\/fr\/restauration\/reforestation\/#primaryimage","url":"https:\/\/impulsoverde.org\/wp-content\/uploads\/2023\/02\/Paysage-departement-du-Narino-scaled-1.jpg","contentUrl":"https:\/\/impulsoverde.org\/wp-content\/uploads\/2023\/02\/Paysage-departement-du-Narino-scaled-1.jpg","width":2560,"height":1244},{"@type":"BreadcrumbList","@id":"https:\/\/impulsoverde.org\/fr\/restauration\/reforestation\/#breadcrumb","itemListElement":[{"@type":"ListItem","position":1,"name":"Inicio","item":"https:\/\/impulsoverde.org\/fr\/"},{"@type":"ListItem","position":2,"name":"Restauration","item":"https:\/\/impulsoverde.org\/fr\/restauration\/"},{"@type":"ListItem","position":3,"name":"Reforestation"}]},{"@type":"WebSite","@id":"https:\/\/impulsoverde.org\/fr\/#website","url":"https:\/\/impulsoverde.org\/fr\/","name":"Impulso Verde","description":"Impulso Verde","publisher":{"@id":"https:\/\/impulsoverde.org\/fr\/#organization"},"potentialAction":[{"@type":"SearchAction","target":{"@type":"EntryPoint","urlTemplate":"https:\/\/impulsoverde.org\/fr\/?s={search_term_string}"},"query-input":{"@type":"PropertyValueSpecification","valueRequired":true,"valueName":"search_term_string"}}],"inLanguage":"fr-FR"},{"@type":"Organization","@id":"https:\/\/impulsoverde.org\/fr\/#organization","name":"Impulso Verde","url":"https:\/\/impulsoverde.org\/fr\/","logo":{"@type":"ImageObject","inLanguage":"fr-FR","@id":"https:\/\/impulsoverde.org\/fr\/#\/schema\/logo\/image\/","url":"https:\/\/impulsoverde.org\/wp-content\/uploads\/2023\/02\/logo_impulso_verde_r-2023.png","contentUrl":"https:\/\/impulsoverde.org\/wp-content\/uploads\/2023\/02\/logo_impulso_verde_r-2023.png","width":300,"height":346,"caption":"Impulso Verde"},"image":{"@id":"https:\/\/impulsoverde.org\/fr\/#\/schema\/logo\/image\/"},"sameAs":["https:\/\/www.facebook.com\/fundacionimpulsoverde\/","https:\/\/www.instagram.com\/fundacionimpulsoverde\/","https:\/\/www.youtube.com\/channel\/UCwE9ZP8PS7IbxVncgZgjl1w\/featured"]}]}},"_links":{"self":[{"href":"https:\/\/impulsoverde.org\/fr\/wp-json\/wp\/v2\/pages\/2008","targetHints":{"allow":["GET"]}}],"collection":[{"href":"https:\/\/impulsoverde.org\/fr\/wp-json\/wp\/v2\/pages"}],"about":[{"href":"https:\/\/impulsoverde.org\/fr\/wp-json\/wp\/v2\/types\/page"}],"author":[{"embeddable":true,"href":"https:\/\/impulsoverde.org\/fr\/wp-json\/wp\/v2\/users\/1"}],"replies":[{"embeddable":true,"href":"https:\/\/impulsoverde.org\/fr\/wp-json\/wp\/v2\/comments?post=2008"}],"version-history":[{"count":9,"href":"https:\/\/impulsoverde.org\/fr\/wp-json\/wp\/v2\/pages\/2008\/revisions"}],"predecessor-version":[{"id":3438,"href":"https:\/\/impulsoverde.org\/fr\/wp-json\/wp\/v2\/pages\/2008\/revisions\/3438"}],"up":[{"embeddable":true,"href":"https:\/\/impulsoverde.org\/fr\/wp-json\/wp\/v2\/pages\/1998"}],"wp:featuredmedia":[{"embeddable":true,"href":"https:\/\/impulsoverde.org\/fr\/wp-json\/wp\/v2\/media\/1431"}],"wp:attachment":[{"href":"https:\/\/impulsoverde.org\/fr\/wp-json\/wp\/v2\/media?parent=2008"}],"curies":[{"name":"wp","href":"https:\/\/api.w.org\/{rel}","templated":true}]}}